{"id":9270,"date":"2013-06-07T11:37:23","date_gmt":"2013-06-07T11:37:23","guid":{"rendered":"https:\/\/new.ib-cosmetology.ee\/toode\/woo-album-4\/"},"modified":"2026-03-18T16:12:25","modified_gmt":"2026-03-18T14:12:25","slug":"woo-album-4","status":"publish","type":"product","link":"https:\/\/ib-cosmetology.ee\/en\/product\/woo-album-4\/","title":{"rendered":"MD N\u00e4opesugeel"},"content":{"rendered":"<p>A refreshing, exfoliating facial cleansing gel for everyday use. A combination of glycolic, lactic, and salicylic acids exfoliates dead skin cells, evens out the complexion, and prepares the skin for better absorption of active ingredients.<\/p>\n<p>Thanks to its salicylic acid content, the cleanser is also suitable for problematic and acne-prone skin, as it helps unclog pores and remove excess sebum build-up.<\/p>\n<p>Please note: After placing your order, please wait for an email confirming product availability and delivery time. For best results, a prior consultation with a cosmetologist is required before using this product.<\/p>\n","protected":false},"excerpt":{"rendered":"<p>Kasutamine.<\/p>\n<p>Kanna toodet niiskete k\u00e4tega n\u00e4ole ning masseeri 30 sekundit, loputa maha leige veega. Kui vajad lisakoorimist v\u00f5id protseduuri korrata. Parimate tulemuste saavutamiseks kasuta hommikul ja \u00f5htul.<\/p>\n<p>Kui kasutad toodet p\u00e4ikeselisel perioodil siis soovitame parimate tulemuste saavutamiseks p\u00e4evasel ajal kasutada SPF.<\/p>\n<p><em>NB! Tegemist on tugevatoimelise tootega, mis v\u00f5ib naha pinnal tekitada kuivust ning \u00e4rritust. Eriti ettevaatlik tuleks toote esmakordsel kasutamisel olla kevadperioodil, kui kogu organism pole veel talvest taastunud ning nahas v\u00f5ib olla vedelikuvaegus. Soovitame toodet nahale tutvustada j\u00e4rk-j\u00e4rgult alustades esmalt k\u00e4eseljast.<\/em><\/p>\n<p>koositis. <span>AQUA\/WATER\/EAU, SODIUM LAUROYL METHYL ISETHIONATE, GLYCERIN, PEG-18 GLYCERYL OLEATE\/COCOATE, PEG-120 METHYL GLUCOSE DIOLEATE, COCAMIDOPROPYL HYDROXYSULTAINE, COCAMIDOPROPYL BETAINE, PHENOXYETHANOL, CITRUS SINENSIS PEEL OIL EXPRESSED, LIMONENE, DISODIUM LAURYL SULFOSUCCINATE, PANTHENOL, TRISODIUM ETHYLENEDIAMINE DISUCCINATE, CAPRYLYL\/CAPRYL GLUCOSIDE, LAURYL GLUCOSIDE, MENTHOL, SODIUM BENZOATE, ETHYLHEXYLGLYCERIN, SACCHARUM OFFICINARUM (SUGARCANE) EXTRACT, ALOE BARBADENSIS LEAF JUICE, LACTIC ACID, GLYCOLIC ACID, TOCOPHERYL ACETATE, SALICYLIC ACID, CAMELLIA SINENSIS LEAF EXTRACT, CITRUS AURANTIUM DULCIS (ORANGE) FRUIT EXTRACT, CITRUS LIMON (LEMON) FRUIT EXTRACT, PYRUS MALUS (APPLE) FRUIT EXTRACT, ROSMARINUS OFFICINALIS (ROSEMARY) LEAF EXTRACT, TOCOPHEROL, CITRIC ACID, POTASSIUM SORBATE.<\/span><\/p>\n","protected":false},"featured_media":9268,"template":"","meta":[],"product_brand":[],"product_cat":[101,153,131,137,113],"product_tag":[],"class_list":{"0":"post-9270","1":"product","2":"type-product","3":"status-publish","4":"has-post-thumbnail","6":"product_cat-acne","7":"product_cat-anti-acne","8":"product_cat-cleansing","9":"product_cat-cleansing-gels","10":"product_cat-facial-skincare","12":"first","13":"instock","14":"featured","15":"downloadable","16":"taxable","17":"shipping-taxable","18":"purchasable","19":"product-type-simple"},"yoast_head":"<!-- This site is optimized with the Yoast SEO plugin v27.2 - https:\/\/yoast.com\/product\/yoast-seo-wordpress\/ -->\n<title>MD N\u00e4opesugeel<\/title>\n<meta name=\"robots\" content=\"index, follow, max-snippet:-1, max-image-preview:large, max-video-preview:-1\" \/>\n<link rel=\"canonical\" href=\"https:\/\/ib-cosmetology.ee\/en\/product\/woo-album-4\/\" \/>\n<meta property=\"og:locale\" content=\"en_US\" \/>\n<meta property=\"og:type\" content=\"article\" \/>\n<meta property=\"og:title\" content=\"MD N\u00e4opesugeel\" \/>\n<meta property=\"og:description\" content=\"Kasutamine.  Kanna toodet niiskete k\u00e4tega n\u00e4ole ning masseeri 30 sekundit, loputa maha leige veega. Kui vajad lisakoorimist v\u00f5id protseduuri korrata. Parimate tulemuste saavutamiseks kasuta hommikul ja \u00f5htul.  Kui kasutad toodet p\u00e4ikeselisel perioodil siis soovitame parimate tulemuste saavutamiseks p\u00e4evasel ajal kasutada SPF.  NB! Tegemist on tugevatoimelise tootega, mis v\u00f5ib naha pinnal tekitada kuivust ning \u00e4rritust. Eriti ettevaatlik tuleks toote esmakordsel kasutamisel olla kevadperioodil, kui kogu organism pole veel talvest taastunud ning nahas v\u00f5ib olla vedelikuvaegus. Soovitame toodet nahale tutvustada j\u00e4rk-j\u00e4rgult alustades esmalt k\u00e4eseljast.  koositis. AQUA\/WATER\/EAU, SODIUM LAUROYL METHYL ISETHIONATE, GLYCERIN, PEG-18 GLYCERYL OLEATE\/COCOATE, PEG-120 METHYL GLUCOSE DIOLEATE, COCAMIDOPROPYL HYDROXYSULTAINE, COCAMIDOPROPYL BETAINE, PHENOXYETHANOL, CITRUS SINENSIS PEEL OIL EXPRESSED, LIMONENE, DISODIUM LAURYL SULFOSUCCINATE, PANTHENOL, TRISODIUM ETHYLENEDIAMINE DISUCCINATE, CAPRYLYL\/CAPRYL GLUCOSIDE, LAURYL GLUCOSIDE, MENTHOL, SODIUM BENZOATE, ETHYLHEXYLGLYCERIN, SACCHARUM OFFICINARUM (SUGARCANE) EXTRACT, ALOE BARBADENSIS LEAF JUICE, LACTIC ACID, GLYCOLIC ACID, TOCOPHERYL ACETATE, SALICYLIC ACID, CAMELLIA SINENSIS LEAF EXTRACT, CITRUS AURANTIUM DULCIS (ORANGE) FRUIT EXTRACT, CITRUS LIMON (LEMON) FRUIT EXTRACT, PYRUS MALUS (APPLE) FRUIT EXTRACT, ROSMARINUS OFFICINALIS (ROSEMARY) LEAF EXTRACT, TOCOPHEROL, CITRIC ACID, POTASSIUM SORBATE.\" \/>\n<meta property=\"og:url\" content=\"https:\/\/ib-cosmetology.ee\/en\/product\/woo-album-4\/\" \/>\n<meta property=\"og:site_name\" content=\"IB Cosmetology\" \/>\n<meta property=\"article:publisher\" content=\"https:\/\/www.facebook.com\/profile.php?id=61577033322869\" \/>\n<meta property=\"article:modified_time\" content=\"2026-03-18T14:12:25+00:00\" \/>\n<meta property=\"og:image\" content=\"https:\/\/ib-cosmetology.ee\/wp-content\/uploads\/2013\/06\/izobrazhenie-2.jpeg\" \/>\n\t<meta property=\"og:image:width\" content=\"1600\" \/>\n\t<meta property=\"og:image:height\" content=\"1600\" \/>\n\t<meta property=\"og:image:type\" content=\"image\/jpeg\" \/>\n<meta name=\"twitter:card\" content=\"summary_large_image\" \/>\n<meta name=\"twitter:label1\" content=\"Price\" \/>\n\t<meta name=\"twitter:data1\" content=\"46,00&nbsp;&euro;\" \/>\n\t<meta name=\"twitter:label2\" content=\"Availability\" \/>\n\t<meta name=\"twitter:data2\" content=\"In stock\" \/>\n<script type=\"application\/ld+json\" class=\"yoast-schema-graph\">{\"@context\":\"https:\/\/schema.org\",\"@graph\":[{\"@type\":\"WebPage\",\"@id\":\"https:\/\/ib-cosmetology.ee\/en\/product\/woo-album-4\/\",\"url\":\"https:\/\/ib-cosmetology.ee\/en\/product\/woo-album-4\/\",\"name\":\"MD N\u00e4opesugeel\",\"isPartOf\":{\"@id\":\"https:\/\/ib-cosmetology.ee\/#website\"},\"primaryImageOfPage\":{\"@id\":\"https:\/\/ib-cosmetology.ee\/en\/product\/woo-album-4\/#primaryimage\"},\"image\":{\"@id\":\"https:\/\/ib-cosmetology.ee\/en\/product\/woo-album-4\/#primaryimage\"},\"thumbnailUrl\":\"https:\/\/ib-cosmetology.ee\/wp-content\/uploads\/2013\/06\/izobrazhenie-2.jpeg\",\"datePublished\":\"2013-06-07T11:37:23+00:00\",\"dateModified\":\"2026-03-18T14:12:25+00:00\",\"breadcrumb\":{\"@id\":\"https:\/\/ib-cosmetology.ee\/en\/product\/woo-album-4\/#breadcrumb\"},\"inLanguage\":\"en-US\",\"potentialAction\":[{\"@type\":\"ReadAction\",\"target\":[\"https:\/\/ib-cosmetology.ee\/en\/product\/woo-album-4\/\"]}]},{\"@type\":\"ImageObject\",\"inLanguage\":\"en-US\",\"@id\":\"https:\/\/ib-cosmetology.ee\/en\/product\/woo-album-4\/#primaryimage\",\"url\":\"https:\/\/ib-cosmetology.ee\/wp-content\/uploads\/2013\/06\/izobrazhenie-2.jpeg\",\"contentUrl\":\"https:\/\/ib-cosmetology.ee\/wp-content\/uploads\/2013\/06\/izobrazhenie-2.jpeg\",\"width\":1600,\"height\":1600},{\"@type\":\"BreadcrumbList\",\"@id\":\"https:\/\/ib-cosmetology.ee\/en\/product\/woo-album-4\/#breadcrumb\",\"itemListElement\":[{\"@type\":\"ListItem\",\"position\":1,\"name\":\"Home\",\"item\":\"https:\/\/ib-cosmetology.ee\/en\/\"},{\"@type\":\"ListItem\",\"position\":2,\"name\":\"Professional skincare store\",\"item\":\"https:\/\/ib-cosmetology.ee\/en\/shop\/\"},{\"@type\":\"ListItem\",\"position\":3,\"name\":\"MD N\u00e4opesugeel\"}]},{\"@type\":\"WebSite\",\"@id\":\"https:\/\/ib-cosmetology.ee\/#website\",\"url\":\"https:\/\/ib-cosmetology.ee\/\",\"name\":\"IB Cosmetology\",\"description\":\"\",\"publisher\":{\"@id\":\"https:\/\/ib-cosmetology.ee\/#organization\"},\"potentialAction\":[{\"@type\":\"SearchAction\",\"target\":{\"@type\":\"EntryPoint\",\"urlTemplate\":\"https:\/\/ib-cosmetology.ee\/?s={search_term_string}\"},\"query-input\":{\"@type\":\"PropertyValueSpecification\",\"valueRequired\":true,\"valueName\":\"search_term_string\"}}],\"inLanguage\":\"en-US\"},{\"@type\":\"Organization\",\"@id\":\"https:\/\/ib-cosmetology.ee\/#organization\",\"name\":\"Ami-Cosmetology O\u00dc\",\"url\":\"https:\/\/ib-cosmetology.ee\/\",\"logo\":{\"@type\":\"ImageObject\",\"inLanguage\":\"en-US\",\"@id\":\"https:\/\/ib-cosmetology.ee\/#\/schema\/logo\/image\/\",\"url\":\"https:\/\/ib-cosmetology.ee\/wp-content\/uploads\/2026\/02\/ib-cosmetology.webp\",\"contentUrl\":\"https:\/\/ib-cosmetology.ee\/wp-content\/uploads\/2026\/02\/ib-cosmetology.webp\",\"width\":710,\"height\":830,\"caption\":\"Ami-Cosmetology O\u00dc\"},\"image\":{\"@id\":\"https:\/\/ib-cosmetology.ee\/#\/schema\/logo\/image\/\"},\"sameAs\":[\"https:\/\/www.facebook.com\/profile.php?id=61577033322869\",\"https:\/\/www.instagram.com\/ib_cosmetology\/\"]}]}<\/script>\n<meta property=\"product:price:amount\" content=\"46.00\" \/>\n<meta property=\"product:price:currency\" content=\"EUR\" \/>\n<meta property=\"og:availability\" content=\"instock\" \/>\n<meta property=\"product:availability\" content=\"instock\" \/>\n<meta property=\"product:condition\" content=\"new\" \/>\n<!-- \/ Yoast SEO plugin. -->","yoast_head_json":{"title":"MD N\u00e4opesugeel","robots":{"index":"index","follow":"follow","max-snippet":"max-snippet:-1","max-image-preview":"max-image-preview:large","max-video-preview":"max-video-preview:-1"},"canonical":"https:\/\/ib-cosmetology.ee\/en\/product\/woo-album-4\/","og_locale":"en_US","og_type":"article","og_title":"MD N\u00e4opesugeel","og_description":"Kasutamine.  Kanna toodet niiskete k\u00e4tega n\u00e4ole ning masseeri 30 sekundit, loputa maha leige veega. Kui vajad lisakoorimist v\u00f5id protseduuri korrata. Parimate tulemuste saavutamiseks kasuta hommikul ja \u00f5htul.  Kui kasutad toodet p\u00e4ikeselisel perioodil siis soovitame parimate tulemuste saavutamiseks p\u00e4evasel ajal kasutada SPF.  NB! Tegemist on tugevatoimelise tootega, mis v\u00f5ib naha pinnal tekitada kuivust ning \u00e4rritust. Eriti ettevaatlik tuleks toote esmakordsel kasutamisel olla kevadperioodil, kui kogu organism pole veel talvest taastunud ning nahas v\u00f5ib olla vedelikuvaegus. Soovitame toodet nahale tutvustada j\u00e4rk-j\u00e4rgult alustades esmalt k\u00e4eseljast.  koositis. AQUA\/WATER\/EAU, SODIUM LAUROYL METHYL ISETHIONATE, GLYCERIN, PEG-18 GLYCERYL OLEATE\/COCOATE, PEG-120 METHYL GLUCOSE DIOLEATE, COCAMIDOPROPYL HYDROXYSULTAINE, COCAMIDOPROPYL BETAINE, PHENOXYETHANOL, CITRUS SINENSIS PEEL OIL EXPRESSED, LIMONENE, DISODIUM LAURYL SULFOSUCCINATE, PANTHENOL, TRISODIUM ETHYLENEDIAMINE DISUCCINATE, CAPRYLYL\/CAPRYL GLUCOSIDE, LAURYL GLUCOSIDE, MENTHOL, SODIUM BENZOATE, ETHYLHEXYLGLYCERIN, SACCHARUM OFFICINARUM (SUGARCANE) EXTRACT, ALOE BARBADENSIS LEAF JUICE, LACTIC ACID, GLYCOLIC ACID, TOCOPHERYL ACETATE, SALICYLIC ACID, CAMELLIA SINENSIS LEAF EXTRACT, CITRUS AURANTIUM DULCIS (ORANGE) FRUIT EXTRACT, CITRUS LIMON (LEMON) FRUIT EXTRACT, PYRUS MALUS (APPLE) FRUIT EXTRACT, ROSMARINUS OFFICINALIS (ROSEMARY) LEAF EXTRACT, TOCOPHEROL, CITRIC ACID, POTASSIUM SORBATE.","og_url":"https:\/\/ib-cosmetology.ee\/en\/product\/woo-album-4\/","og_site_name":"IB Cosmetology","article_publisher":"https:\/\/www.facebook.com\/profile.php?id=61577033322869","article_modified_time":"2026-03-18T14:12:25+00:00","og_image":[{"width":1600,"height":1600,"url":"https:\/\/ib-cosmetology.ee\/wp-content\/uploads\/2013\/06\/izobrazhenie-2.jpeg","type":"image\/jpeg"}],"twitter_card":"summary_large_image","twitter_misc":{"Price":"46,00&nbsp;&euro;","Availability":"In stock"},"schema":{"@context":"https:\/\/schema.org","@graph":[{"@type":"WebPage","@id":"https:\/\/ib-cosmetology.ee\/en\/product\/woo-album-4\/","url":"https:\/\/ib-cosmetology.ee\/en\/product\/woo-album-4\/","name":"MD N\u00e4opesugeel","isPartOf":{"@id":"https:\/\/ib-cosmetology.ee\/#website"},"primaryImageOfPage":{"@id":"https:\/\/ib-cosmetology.ee\/en\/product\/woo-album-4\/#primaryimage"},"image":{"@id":"https:\/\/ib-cosmetology.ee\/en\/product\/woo-album-4\/#primaryimage"},"thumbnailUrl":"https:\/\/ib-cosmetology.ee\/wp-content\/uploads\/2013\/06\/izobrazhenie-2.jpeg","datePublished":"2013-06-07T11:37:23+00:00","dateModified":"2026-03-18T14:12:25+00:00","breadcrumb":{"@id":"https:\/\/ib-cosmetology.ee\/en\/product\/woo-album-4\/#breadcrumb"},"inLanguage":"en-US","potentialAction":[{"@type":"ReadAction","target":["https:\/\/ib-cosmetology.ee\/en\/product\/woo-album-4\/"]}]},{"@type":"ImageObject","inLanguage":"en-US","@id":"https:\/\/ib-cosmetology.ee\/en\/product\/woo-album-4\/#primaryimage","url":"https:\/\/ib-cosmetology.ee\/wp-content\/uploads\/2013\/06\/izobrazhenie-2.jpeg","contentUrl":"https:\/\/ib-cosmetology.ee\/wp-content\/uploads\/2013\/06\/izobrazhenie-2.jpeg","width":1600,"height":1600},{"@type":"BreadcrumbList","@id":"https:\/\/ib-cosmetology.ee\/en\/product\/woo-album-4\/#breadcrumb","itemListElement":[{"@type":"ListItem","position":1,"name":"Home","item":"https:\/\/ib-cosmetology.ee\/en\/"},{"@type":"ListItem","position":2,"name":"Professional skincare store","item":"https:\/\/ib-cosmetology.ee\/en\/shop\/"},{"@type":"ListItem","position":3,"name":"MD N\u00e4opesugeel"}]},{"@type":"WebSite","@id":"https:\/\/ib-cosmetology.ee\/#website","url":"https:\/\/ib-cosmetology.ee\/","name":"IB Cosmetology","description":"","publisher":{"@id":"https:\/\/ib-cosmetology.ee\/#organization"},"potentialAction":[{"@type":"SearchAction","target":{"@type":"EntryPoint","urlTemplate":"https:\/\/ib-cosmetology.ee\/?s={search_term_string}"},"query-input":{"@type":"PropertyValueSpecification","valueRequired":true,"valueName":"search_term_string"}}],"inLanguage":"en-US"},{"@type":"Organization","@id":"https:\/\/ib-cosmetology.ee\/#organization","name":"Ami-Cosmetology O\u00dc","url":"https:\/\/ib-cosmetology.ee\/","logo":{"@type":"ImageObject","inLanguage":"en-US","@id":"https:\/\/ib-cosmetology.ee\/#\/schema\/logo\/image\/","url":"https:\/\/ib-cosmetology.ee\/wp-content\/uploads\/2026\/02\/ib-cosmetology.webp","contentUrl":"https:\/\/ib-cosmetology.ee\/wp-content\/uploads\/2026\/02\/ib-cosmetology.webp","width":710,"height":830,"caption":"Ami-Cosmetology O\u00dc"},"image":{"@id":"https:\/\/ib-cosmetology.ee\/#\/schema\/logo\/image\/"},"sameAs":["https:\/\/www.facebook.com\/profile.php?id=61577033322869","https:\/\/www.instagram.com\/ib_cosmetology\/"]}]},"product_price_amount":"46.00","product_price_currency":"EUR","og_availability":"instock","product_availability":"instock","product_condition":"new"},"_links":{"self":[{"href":"https:\/\/ib-cosmetology.ee\/en\/wp-json\/wp\/v2\/product\/9270","targetHints":{"allow":["GET"]}}],"collection":[{"href":"https:\/\/ib-cosmetology.ee\/en\/wp-json\/wp\/v2\/product"}],"about":[{"href":"https:\/\/ib-cosmetology.ee\/en\/wp-json\/wp\/v2\/types\/product"}],"wp:featuredmedia":[{"embeddable":true,"href":"https:\/\/ib-cosmetology.ee\/en\/wp-json\/wp\/v2\/media\/9268"}],"wp:attachment":[{"href":"https:\/\/ib-cosmetology.ee\/en\/wp-json\/wp\/v2\/media?parent=9270"}],"wp:term":[{"taxonomy":"product_brand","embeddable":true,"href":"https:\/\/ib-cosmetology.ee\/en\/wp-json\/wp\/v2\/product_brand?post=9270"},{"taxonomy":"product_cat","embeddable":true,"href":"https:\/\/ib-cosmetology.ee\/en\/wp-json\/wp\/v2\/product_cat?post=9270"},{"taxonomy":"product_tag","embeddable":true,"href":"https:\/\/ib-cosmetology.ee\/en\/wp-json\/wp\/v2\/product_tag?post=9270"}],"curies":[{"name":"wp","href":"https:\/\/api.w.org\/{rel}","templated":true}]}}