{"id":9276,"date":"2013-06-07T11:36:34","date_gmt":"2013-06-07T08:36:34","guid":{"rendered":"https:\/\/new.ib-cosmetology.ee\/toode\/woo-single-1\/"},"modified":"2026-03-12T21:08:09","modified_gmt":"2026-03-12T19:08:09","slug":"woo-single-1","status":"publish","type":"product","link":"https:\/\/ib-cosmetology.ee\/en\/product\/woo-single-1\/","title":{"rendered":"Travel VITAL C Ens\u00fcmaatiline mask"},"content":{"rendered":"<p>A moisturizing and exfoliating mask with fruit enzymes that gently removes dull, dead skin cells, provides deep hydration, and leaves the skin silky soft. The skin is nourished with vitamins A, C, and E, as well as minerals, with effects that can be felt for hours after use.<\/p>\n<p>An ideal product for reducing post-procedure flaking or dryness-related skin peeling.<\/p>\n<p>Please note: After placing your order, please wait for an email confirming product availability and delivery time. For best results, a prior consultation with a cosmetologist is required before using this product.<\/p>\n","protected":false},"excerpt":{"rendered":"<div id=\"product-44881\" class=\"product type-product post-44881 status-publish first instock product_cat-auhinnatud-tooted product_cat-maskid product_cat-reisisuurus product_cat-uus product_cat-vaikesed-roomud product_cat-vitalc has-post-thumbnail taxable shipping-taxable purchasable product-type-simple ct-default-gallery ct-ajax-add-to-cart thumbs-bottom sticky-gallery sticky-summary\">\n<div class=\"woocommerce-tabs wc-tabs-wrapper\" data-type=\"type-1:center\">\n<article>\n<div id=\"tab-customTab-0\" class=\"woocommerce-Tabs-panel woocommerce-Tabs-panel--customTab-0 panel entry-content wc-tab is-layout-constrained\" role=\"tabpanel\" aria-labelledby=\"tab-title-customTab-0\">\n<p>Kanna puhastatud nahale ning j\u00e4ta 5-30 minutiks m\u00f5juma, kasuta 1-3 korda n\u00e4dalas. V\u00e4ga kuiva ja tuhmi jume korral kasuta igap\u00e4evaselt.<\/p>\n<p><strong>Kodune kosmeetiku nipp<\/strong>:<\/p>\n<p>Kanna n\u00e4ole esmalt\u00a0<a href=\"https:\/\/imageskincare.ee\/toode\/ageless-kooriv-mask\/\" target=\"_blank\" rel=\"noopener\">AGELESS Kooriv mask<\/a>, masseeri \u00f5rnalt, seej\u00e4rel kanna n\u00e4ole Vital C Ens\u00fcmaatiline mask ja j\u00e4ta 15 minutiks m\u00f5juma.<\/p>\n<\/div>\n<\/article>\n<\/div>\n<\/div>\n","protected":false},"featured_media":9274,"template":"","meta":[],"product_brand":[],"product_cat":[111,103,113,125,105,129],"product_tag":[],"class_list":{"0":"post-9276","1":"product","2":"type-product","3":"status-publish","4":"has-post-thumbnail","6":"product_cat-anti-aging-care","7":"product_cat-dehydrated-skin","8":"product_cat-facial-skincare","9":"product_cat-hydrating","10":"product_cat-pigmentation","11":"product_cat-repairing","13":"first","14":"instock","15":"featured","16":"downloadable","17":"taxable","18":"shipping-taxable","19":"purchasable","20":"product-type-simple"},"yoast_head":"<!-- This site is optimized with the Yoast SEO plugin v27.2 - https:\/\/yoast.com\/product\/yoast-seo-wordpress\/ -->\n<title>Travel VITAL C Ens\u00fcmaatiline mask<\/title>\n<meta name=\"robots\" content=\"index, follow, max-snippet:-1, max-image-preview:large, max-video-preview:-1\" \/>\n<link rel=\"canonical\" href=\"https:\/\/ib-cosmetology.ee\/en\/product\/woo-single-1\/\" \/>\n<meta property=\"og:locale\" content=\"en_US\" \/>\n<meta property=\"og:type\" content=\"article\" \/>\n<meta property=\"og:title\" content=\"Travel VITAL C Ens\u00fcmaatiline mask\" \/>\n<meta property=\"og:description\" content=\"Kanna puhastatud nahale ning j\u00e4ta 5-30 minutiks m\u00f5juma, kasuta 1-3 korda n\u00e4dalas. V\u00e4ga kuiva ja tuhmi jume korral kasuta igap\u00e4evaselt.  Kodune kosmeetiku nipp:  Kanna n\u00e4ole esmalt\u00a0AGELESS Kooriv mask, masseeri \u00f5rnalt, seej\u00e4rel kanna n\u00e4ole Vital C Ens\u00fcmaatiline mask ja j\u00e4ta 15 minutiks m\u00f5juma.\" \/>\n<meta property=\"og:url\" content=\"https:\/\/ib-cosmetology.ee\/en\/product\/woo-single-1\/\" \/>\n<meta property=\"og:site_name\" content=\"IB Cosmetology\" \/>\n<meta property=\"article:publisher\" content=\"https:\/\/www.facebook.com\/profile.php?id=61577033322869\" \/>\n<meta property=\"article:modified_time\" content=\"2026-03-12T19:08:09+00:00\" \/>\n<meta property=\"og:image\" content=\"https:\/\/ib-cosmetology.ee\/wp-content\/uploads\/2013\/06\/izobrazhenie-3.jpeg\" \/>\n\t<meta property=\"og:image:width\" content=\"1000\" \/>\n\t<meta property=\"og:image:height\" content=\"1000\" \/>\n\t<meta property=\"og:image:type\" content=\"image\/jpeg\" \/>\n<meta name=\"twitter:card\" content=\"summary_large_image\" \/>\n<meta name=\"twitter:label1\" content=\"Price\" \/>\n\t<meta name=\"twitter:data1\" content=\"33,00&nbsp;&euro;\" \/>\n\t<meta name=\"twitter:label2\" content=\"Availability\" \/>\n\t<meta name=\"twitter:data2\" content=\"In stock\" \/>\n<script type=\"application\/ld+json\" class=\"yoast-schema-graph\">{\"@context\":\"https:\/\/schema.org\",\"@graph\":[{\"@type\":\"WebPage\",\"@id\":\"https:\/\/ib-cosmetology.ee\/en\/product\/woo-single-1\/\",\"url\":\"https:\/\/ib-cosmetology.ee\/en\/product\/woo-single-1\/\",\"name\":\"Travel VITAL C Ens\u00fcmaatiline mask\",\"isPartOf\":{\"@id\":\"https:\/\/ib-cosmetology.ee\/#website\"},\"primaryImageOfPage\":{\"@id\":\"https:\/\/ib-cosmetology.ee\/en\/product\/woo-single-1\/#primaryimage\"},\"image\":{\"@id\":\"https:\/\/ib-cosmetology.ee\/en\/product\/woo-single-1\/#primaryimage\"},\"thumbnailUrl\":\"https:\/\/ib-cosmetology.ee\/wp-content\/uploads\/2013\/06\/izobrazhenie-3.jpeg\",\"datePublished\":\"2013-06-07T08:36:34+00:00\",\"dateModified\":\"2026-03-12T19:08:09+00:00\",\"breadcrumb\":{\"@id\":\"https:\/\/ib-cosmetology.ee\/en\/product\/woo-single-1\/#breadcrumb\"},\"inLanguage\":\"en-US\",\"potentialAction\":[{\"@type\":\"ReadAction\",\"target\":[\"https:\/\/ib-cosmetology.ee\/en\/product\/woo-single-1\/\"]}]},{\"@type\":\"ImageObject\",\"inLanguage\":\"en-US\",\"@id\":\"https:\/\/ib-cosmetology.ee\/en\/product\/woo-single-1\/#primaryimage\",\"url\":\"https:\/\/ib-cosmetology.ee\/wp-content\/uploads\/2013\/06\/izobrazhenie-3.jpeg\",\"contentUrl\":\"https:\/\/ib-cosmetology.ee\/wp-content\/uploads\/2013\/06\/izobrazhenie-3.jpeg\",\"width\":1000,\"height\":1000},{\"@type\":\"BreadcrumbList\",\"@id\":\"https:\/\/ib-cosmetology.ee\/en\/product\/woo-single-1\/#breadcrumb\",\"itemListElement\":[{\"@type\":\"ListItem\",\"position\":1,\"name\":\"Home\",\"item\":\"https:\/\/ib-cosmetology.ee\/en\/\"},{\"@type\":\"ListItem\",\"position\":2,\"name\":\"Professional skincare store\",\"item\":\"https:\/\/ib-cosmetology.ee\/en\/shop\/\"},{\"@type\":\"ListItem\",\"position\":3,\"name\":\"Travel VITAL C Ens\u00fcmaatiline mask\"}]},{\"@type\":\"WebSite\",\"@id\":\"https:\/\/ib-cosmetology.ee\/#website\",\"url\":\"https:\/\/ib-cosmetology.ee\/\",\"name\":\"IB Cosmetology\",\"description\":\"\",\"publisher\":{\"@id\":\"https:\/\/ib-cosmetology.ee\/#organization\"},\"potentialAction\":[{\"@type\":\"SearchAction\",\"target\":{\"@type\":\"EntryPoint\",\"urlTemplate\":\"https:\/\/ib-cosmetology.ee\/?s={search_term_string}\"},\"query-input\":{\"@type\":\"PropertyValueSpecification\",\"valueRequired\":true,\"valueName\":\"search_term_string\"}}],\"inLanguage\":\"en-US\"},{\"@type\":\"Organization\",\"@id\":\"https:\/\/ib-cosmetology.ee\/#organization\",\"name\":\"Ami-Cosmetology O\u00dc\",\"url\":\"https:\/\/ib-cosmetology.ee\/\",\"logo\":{\"@type\":\"ImageObject\",\"inLanguage\":\"en-US\",\"@id\":\"https:\/\/ib-cosmetology.ee\/#\/schema\/logo\/image\/\",\"url\":\"https:\/\/ib-cosmetology.ee\/wp-content\/uploads\/2026\/02\/ib-cosmetology.webp\",\"contentUrl\":\"https:\/\/ib-cosmetology.ee\/wp-content\/uploads\/2026\/02\/ib-cosmetology.webp\",\"width\":710,\"height\":830,\"caption\":\"Ami-Cosmetology O\u00dc\"},\"image\":{\"@id\":\"https:\/\/ib-cosmetology.ee\/#\/schema\/logo\/image\/\"},\"sameAs\":[\"https:\/\/www.facebook.com\/profile.php?id=61577033322869\",\"https:\/\/www.instagram.com\/ib_cosmetology\/\"]}]}<\/script>\n<meta property=\"product:price:amount\" content=\"33.00\" \/>\n<meta property=\"product:price:currency\" content=\"EUR\" \/>\n<meta property=\"og:availability\" content=\"instock\" \/>\n<meta property=\"product:availability\" content=\"instock\" \/>\n<meta property=\"product:condition\" content=\"new\" \/>\n<!-- \/ Yoast SEO plugin. -->","yoast_head_json":{"title":"Travel VITAL C Ens\u00fcmaatiline mask","robots":{"index":"index","follow":"follow","max-snippet":"max-snippet:-1","max-image-preview":"max-image-preview:large","max-video-preview":"max-video-preview:-1"},"canonical":"https:\/\/ib-cosmetology.ee\/en\/product\/woo-single-1\/","og_locale":"en_US","og_type":"article","og_title":"Travel VITAL C Ens\u00fcmaatiline mask","og_description":"Kanna puhastatud nahale ning j\u00e4ta 5-30 minutiks m\u00f5juma, kasuta 1-3 korda n\u00e4dalas. V\u00e4ga kuiva ja tuhmi jume korral kasuta igap\u00e4evaselt.  Kodune kosmeetiku nipp:  Kanna n\u00e4ole esmalt\u00a0AGELESS Kooriv mask, masseeri \u00f5rnalt, seej\u00e4rel kanna n\u00e4ole Vital C Ens\u00fcmaatiline mask ja j\u00e4ta 15 minutiks m\u00f5juma.","og_url":"https:\/\/ib-cosmetology.ee\/en\/product\/woo-single-1\/","og_site_name":"IB Cosmetology","article_publisher":"https:\/\/www.facebook.com\/profile.php?id=61577033322869","article_modified_time":"2026-03-12T19:08:09+00:00","og_image":[{"width":1000,"height":1000,"url":"https:\/\/ib-cosmetology.ee\/wp-content\/uploads\/2013\/06\/izobrazhenie-3.jpeg","type":"image\/jpeg"}],"twitter_card":"summary_large_image","twitter_misc":{"Price":"33,00&nbsp;&euro;","Availability":"In stock"},"schema":{"@context":"https:\/\/schema.org","@graph":[{"@type":"WebPage","@id":"https:\/\/ib-cosmetology.ee\/en\/product\/woo-single-1\/","url":"https:\/\/ib-cosmetology.ee\/en\/product\/woo-single-1\/","name":"Travel VITAL C Ens\u00fcmaatiline mask","isPartOf":{"@id":"https:\/\/ib-cosmetology.ee\/#website"},"primaryImageOfPage":{"@id":"https:\/\/ib-cosmetology.ee\/en\/product\/woo-single-1\/#primaryimage"},"image":{"@id":"https:\/\/ib-cosmetology.ee\/en\/product\/woo-single-1\/#primaryimage"},"thumbnailUrl":"https:\/\/ib-cosmetology.ee\/wp-content\/uploads\/2013\/06\/izobrazhenie-3.jpeg","datePublished":"2013-06-07T08:36:34+00:00","dateModified":"2026-03-12T19:08:09+00:00","breadcrumb":{"@id":"https:\/\/ib-cosmetology.ee\/en\/product\/woo-single-1\/#breadcrumb"},"inLanguage":"en-US","potentialAction":[{"@type":"ReadAction","target":["https:\/\/ib-cosmetology.ee\/en\/product\/woo-single-1\/"]}]},{"@type":"ImageObject","inLanguage":"en-US","@id":"https:\/\/ib-cosmetology.ee\/en\/product\/woo-single-1\/#primaryimage","url":"https:\/\/ib-cosmetology.ee\/wp-content\/uploads\/2013\/06\/izobrazhenie-3.jpeg","contentUrl":"https:\/\/ib-cosmetology.ee\/wp-content\/uploads\/2013\/06\/izobrazhenie-3.jpeg","width":1000,"height":1000},{"@type":"BreadcrumbList","@id":"https:\/\/ib-cosmetology.ee\/en\/product\/woo-single-1\/#breadcrumb","itemListElement":[{"@type":"ListItem","position":1,"name":"Home","item":"https:\/\/ib-cosmetology.ee\/en\/"},{"@type":"ListItem","position":2,"name":"Professional skincare store","item":"https:\/\/ib-cosmetology.ee\/en\/shop\/"},{"@type":"ListItem","position":3,"name":"Travel VITAL C Ens\u00fcmaatiline mask"}]},{"@type":"WebSite","@id":"https:\/\/ib-cosmetology.ee\/#website","url":"https:\/\/ib-cosmetology.ee\/","name":"IB Cosmetology","description":"","publisher":{"@id":"https:\/\/ib-cosmetology.ee\/#organization"},"potentialAction":[{"@type":"SearchAction","target":{"@type":"EntryPoint","urlTemplate":"https:\/\/ib-cosmetology.ee\/?s={search_term_string}"},"query-input":{"@type":"PropertyValueSpecification","valueRequired":true,"valueName":"search_term_string"}}],"inLanguage":"en-US"},{"@type":"Organization","@id":"https:\/\/ib-cosmetology.ee\/#organization","name":"Ami-Cosmetology O\u00dc","url":"https:\/\/ib-cosmetology.ee\/","logo":{"@type":"ImageObject","inLanguage":"en-US","@id":"https:\/\/ib-cosmetology.ee\/#\/schema\/logo\/image\/","url":"https:\/\/ib-cosmetology.ee\/wp-content\/uploads\/2026\/02\/ib-cosmetology.webp","contentUrl":"https:\/\/ib-cosmetology.ee\/wp-content\/uploads\/2026\/02\/ib-cosmetology.webp","width":710,"height":830,"caption":"Ami-Cosmetology O\u00dc"},"image":{"@id":"https:\/\/ib-cosmetology.ee\/#\/schema\/logo\/image\/"},"sameAs":["https:\/\/www.facebook.com\/profile.php?id=61577033322869","https:\/\/www.instagram.com\/ib_cosmetology\/"]}]},"product_price_amount":"33.00","product_price_currency":"EUR","og_availability":"instock","product_availability":"instock","product_condition":"new"},"_links":{"self":[{"href":"https:\/\/ib-cosmetology.ee\/en\/wp-json\/wp\/v2\/product\/9276","targetHints":{"allow":["GET"]}}],"collection":[{"href":"https:\/\/ib-cosmetology.ee\/en\/wp-json\/wp\/v2\/product"}],"about":[{"href":"https:\/\/ib-cosmetology.ee\/en\/wp-json\/wp\/v2\/types\/product"}],"wp:featuredmedia":[{"embeddable":true,"href":"https:\/\/ib-cosmetology.ee\/en\/wp-json\/wp\/v2\/media\/9274"}],"wp:attachment":[{"href":"https:\/\/ib-cosmetology.ee\/en\/wp-json\/wp\/v2\/media?parent=9276"}],"wp:term":[{"taxonomy":"product_brand","embeddable":true,"href":"https:\/\/ib-cosmetology.ee\/en\/wp-json\/wp\/v2\/product_brand?post=9276"},{"taxonomy":"product_cat","embeddable":true,"href":"https:\/\/ib-cosmetology.ee\/en\/wp-json\/wp\/v2\/product_cat?post=9276"},{"taxonomy":"product_tag","embeddable":true,"href":"https:\/\/ib-cosmetology.ee\/en\/wp-json\/wp\/v2\/product_tag?post=9276"}],"curies":[{"name":"wp","href":"https:\/\/api.w.org\/{rel}","templated":true}]}}