{"id":9316,"date":"2013-06-07T11:28:45","date_gmt":"2013-06-07T11:28:45","guid":{"rendered":"https:\/\/new.ib-cosmetology.ee\/toode\/woo-ninja-3\/"},"modified":"2026-03-18T18:11:48","modified_gmt":"2026-03-18T16:11:48","slug":"woo-ninja-3","status":"publish","type":"product","link":"https:\/\/ib-cosmetology.ee\/en\/product\/woo-ninja-3\/","title":{"rendered":"Travel DAILY PREVENTION Niisutav SPF 30 p\u00e4ikesekaitsesprei"},"content":{"rendered":"<p><span>Niisutav sprei, mis tagab tugeva p\u00e4ikesekaitse ning k\u00fcllusliku niisutuse. Unikaalne kuiv\u00f5li formulatsioon imendub kiiresti ning teeb p\u00e4ikesekaitse v\u00e4rskendamise lihtsaks \u2013 lihtsalt piserda uus kiht nahale v\u00f5i jumestusele. Sprei on veekindel kuni 80 minutit.<\/span><\/p>\n<p>Raputa enne kasutamist korralikult, piserda nahale 10-15 cm kauguselt ning m\u00e4\u00e4ri seej\u00e4rel laiali. P\u00e4ikese k\u00e4es viibides kasuta iga kahe tunni tagant v\u00f5i vastavalt vajadusele. V\u00e4ldi kreemi sattumist silma. Kanna nahale 15 enne p\u00e4ikese k\u00e4tte minekut.<\/p>\n<p>Toode on kuni 80 minutit veekindel. V\u00e4rskenda kohe p\u00e4rast r\u00e4tikuga kuivatamist.<\/p>\n<p>30 ml<\/p>\n<p>Kasutamine alla 6 kuu vanustel lastel: konsulteeri esmalt arstiga.<\/p>\n<p>NB! P\u00e4rast tellimuse vormistamist oodake palun e-kirja, mis kinnitab toote saadavust ja tarneaega. Parima tulemuse saavutamiseks on enne selle toote kasutamist soovitatav eelnev konsultatsioon kosmeetikuga.<\/p>\n","protected":false},"excerpt":{"rendered":"<p>Raputa enne kasutamist korralikult, piserda nahale 10-15 cm kauguselt ning m\u00e4\u00e4ri seej\u00e4rel laiali. P\u00e4ikese k\u00e4es viibides kasuta iga kahe tunni tagant v\u00f5i vastavalt vajadusele. V\u00e4ldi kreemi sattumist silma. Kanna nahale 15 enne p\u00e4ikese k\u00e4tte minekut.<\/p>\n<p>Toode on kuni 80 minutit veekindel. V\u00e4rskenda kohe p\u00e4rast r\u00e4tikuga kuivatamist.<\/p>\n<p>30 ml<\/p>\n<p>Kasutamine alla 6 kuu vanustel lastel: konsulteeri esmalt arstiga.<\/p>\n<p>&nbsp;<\/p>\n","protected":false},"featured_media":9319,"template":"","meta":[],"product_brand":[],"product_cat":[113,145,143],"product_tag":[],"class_list":{"0":"post-9316","1":"product","2":"type-product","3":"status-publish","4":"has-post-thumbnail","6":"product_cat-facial-skincare","7":"product_cat-spf-30","8":"product_cat-spf-protection","10":"first","11":"instock","12":"featured","13":"taxable","14":"shipping-taxable","15":"purchasable","16":"product-type-simple"},"yoast_head":"<!-- This site is optimized with the Yoast SEO plugin v27.2 - https:\/\/yoast.com\/product\/yoast-seo-wordpress\/ -->\n<title>Travel DAILY PREVENTION Niisutav SPF 30 p\u00e4ikesekaitsesprei<\/title>\n<meta name=\"robots\" content=\"index, follow, max-snippet:-1, max-image-preview:large, max-video-preview:-1\" \/>\n<link rel=\"canonical\" href=\"https:\/\/ib-cosmetology.ee\/en\/product\/woo-ninja-3\/\" \/>\n<meta property=\"og:locale\" content=\"en_US\" \/>\n<meta property=\"og:type\" content=\"article\" \/>\n<meta property=\"og:title\" content=\"Travel DAILY PREVENTION Niisutav SPF 30 p\u00e4ikesekaitsesprei\" \/>\n<meta property=\"og:description\" content=\"Raputa enne kasutamist korralikult, piserda nahale 10-15 cm kauguselt ning m\u00e4\u00e4ri seej\u00e4rel laiali. P\u00e4ikese k\u00e4es viibides kasuta iga kahe tunni tagant v\u00f5i vastavalt vajadusele. V\u00e4ldi kreemi sattumist silma. Kanna nahale 15 enne p\u00e4ikese k\u00e4tte minekut.  Toode on kuni 80 minutit veekindel. V\u00e4rskenda kohe p\u00e4rast r\u00e4tikuga kuivatamist.  30 ml  Kasutamine alla 6 kuu vanustel lastel: konsulteeri esmalt arstiga.  &nbsp;\" \/>\n<meta property=\"og:url\" content=\"https:\/\/ib-cosmetology.ee\/en\/product\/woo-ninja-3\/\" \/>\n<meta property=\"og:site_name\" content=\"IB Cosmetology\" \/>\n<meta property=\"article:publisher\" content=\"https:\/\/www.facebook.com\/profile.php?id=61577033322869\" \/>\n<meta property=\"article:modified_time\" content=\"2026-03-18T16:11:48+00:00\" \/>\n<meta property=\"og:image\" content=\"https:\/\/ib-cosmetology.ee\/wp-content\/uploads\/2013\/06\/izobrazhenie-14.jpeg\" \/>\n\t<meta property=\"og:image:width\" content=\"1000\" \/>\n\t<meta property=\"og:image:height\" content=\"1000\" \/>\n\t<meta property=\"og:image:type\" content=\"image\/jpeg\" \/>\n<meta name=\"twitter:card\" content=\"summary_large_image\" \/>\n<meta name=\"twitter:label1\" content=\"Price\" \/>\n\t<meta name=\"twitter:data1\" content=\"31,00&nbsp;&euro;\" \/>\n\t<meta name=\"twitter:label2\" content=\"Availability\" \/>\n\t<meta name=\"twitter:data2\" content=\"In stock\" \/>\n<script type=\"application\/ld+json\" class=\"yoast-schema-graph\">{\"@context\":\"https:\/\/schema.org\",\"@graph\":[{\"@type\":\"WebPage\",\"@id\":\"https:\/\/ib-cosmetology.ee\/en\/product\/woo-ninja-3\/\",\"url\":\"https:\/\/ib-cosmetology.ee\/en\/product\/woo-ninja-3\/\",\"name\":\"Travel DAILY PREVENTION Niisutav SPF 30 p\u00e4ikesekaitsesprei\",\"isPartOf\":{\"@id\":\"https:\/\/ib-cosmetology.ee\/#website\"},\"primaryImageOfPage\":{\"@id\":\"https:\/\/ib-cosmetology.ee\/en\/product\/woo-ninja-3\/#primaryimage\"},\"image\":{\"@id\":\"https:\/\/ib-cosmetology.ee\/en\/product\/woo-ninja-3\/#primaryimage\"},\"thumbnailUrl\":\"https:\/\/ib-cosmetology.ee\/wp-content\/uploads\/2013\/06\/izobrazhenie-14.jpeg\",\"datePublished\":\"2013-06-07T11:28:45+00:00\",\"dateModified\":\"2026-03-18T16:11:48+00:00\",\"breadcrumb\":{\"@id\":\"https:\/\/ib-cosmetology.ee\/en\/product\/woo-ninja-3\/#breadcrumb\"},\"inLanguage\":\"en-US\",\"potentialAction\":[{\"@type\":\"ReadAction\",\"target\":[\"https:\/\/ib-cosmetology.ee\/en\/product\/woo-ninja-3\/\"]}]},{\"@type\":\"ImageObject\",\"inLanguage\":\"en-US\",\"@id\":\"https:\/\/ib-cosmetology.ee\/en\/product\/woo-ninja-3\/#primaryimage\",\"url\":\"https:\/\/ib-cosmetology.ee\/wp-content\/uploads\/2013\/06\/izobrazhenie-14.jpeg\",\"contentUrl\":\"https:\/\/ib-cosmetology.ee\/wp-content\/uploads\/2013\/06\/izobrazhenie-14.jpeg\",\"width\":1000,\"height\":1000},{\"@type\":\"BreadcrumbList\",\"@id\":\"https:\/\/ib-cosmetology.ee\/en\/product\/woo-ninja-3\/#breadcrumb\",\"itemListElement\":[{\"@type\":\"ListItem\",\"position\":1,\"name\":\"Home\",\"item\":\"https:\/\/ib-cosmetology.ee\/en\/\"},{\"@type\":\"ListItem\",\"position\":2,\"name\":\"Professional skincare store\",\"item\":\"https:\/\/ib-cosmetology.ee\/en\/shop\/\"},{\"@type\":\"ListItem\",\"position\":3,\"name\":\"Travel DAILY PREVENTION Niisutav SPF 30 p\u00e4ikesekaitsesprei\"}]},{\"@type\":\"WebSite\",\"@id\":\"https:\/\/ib-cosmetology.ee\/#website\",\"url\":\"https:\/\/ib-cosmetology.ee\/\",\"name\":\"IB Cosmetology\",\"description\":\"\",\"publisher\":{\"@id\":\"https:\/\/ib-cosmetology.ee\/#organization\"},\"potentialAction\":[{\"@type\":\"SearchAction\",\"target\":{\"@type\":\"EntryPoint\",\"urlTemplate\":\"https:\/\/ib-cosmetology.ee\/?s={search_term_string}\"},\"query-input\":{\"@type\":\"PropertyValueSpecification\",\"valueRequired\":true,\"valueName\":\"search_term_string\"}}],\"inLanguage\":\"en-US\"},{\"@type\":\"Organization\",\"@id\":\"https:\/\/ib-cosmetology.ee\/#organization\",\"name\":\"Ami-Cosmetology O\u00dc\",\"url\":\"https:\/\/ib-cosmetology.ee\/\",\"logo\":{\"@type\":\"ImageObject\",\"inLanguage\":\"en-US\",\"@id\":\"https:\/\/ib-cosmetology.ee\/#\/schema\/logo\/image\/\",\"url\":\"https:\/\/ib-cosmetology.ee\/wp-content\/uploads\/2026\/02\/ib-cosmetology.webp\",\"contentUrl\":\"https:\/\/ib-cosmetology.ee\/wp-content\/uploads\/2026\/02\/ib-cosmetology.webp\",\"width\":710,\"height\":830,\"caption\":\"Ami-Cosmetology O\u00dc\"},\"image\":{\"@id\":\"https:\/\/ib-cosmetology.ee\/#\/schema\/logo\/image\/\"},\"sameAs\":[\"https:\/\/www.facebook.com\/profile.php?id=61577033322869\",\"https:\/\/www.instagram.com\/ib_cosmetology\/\"]}]}<\/script>\n<meta property=\"product:price:amount\" content=\"31.00\" \/>\n<meta property=\"product:price:currency\" content=\"EUR\" \/>\n<meta property=\"og:availability\" content=\"instock\" \/>\n<meta property=\"product:availability\" content=\"instock\" \/>\n<meta property=\"product:condition\" content=\"new\" \/>\n<!-- \/ Yoast SEO plugin. -->","yoast_head_json":{"title":"Travel DAILY PREVENTION Niisutav SPF 30 p\u00e4ikesekaitsesprei","robots":{"index":"index","follow":"follow","max-snippet":"max-snippet:-1","max-image-preview":"max-image-preview:large","max-video-preview":"max-video-preview:-1"},"canonical":"https:\/\/ib-cosmetology.ee\/en\/product\/woo-ninja-3\/","og_locale":"en_US","og_type":"article","og_title":"Travel DAILY PREVENTION Niisutav SPF 30 p\u00e4ikesekaitsesprei","og_description":"Raputa enne kasutamist korralikult, piserda nahale 10-15 cm kauguselt ning m\u00e4\u00e4ri seej\u00e4rel laiali. P\u00e4ikese k\u00e4es viibides kasuta iga kahe tunni tagant v\u00f5i vastavalt vajadusele. V\u00e4ldi kreemi sattumist silma. Kanna nahale 15 enne p\u00e4ikese k\u00e4tte minekut.  Toode on kuni 80 minutit veekindel. V\u00e4rskenda kohe p\u00e4rast r\u00e4tikuga kuivatamist.  30 ml  Kasutamine alla 6 kuu vanustel lastel: konsulteeri esmalt arstiga.  &nbsp;","og_url":"https:\/\/ib-cosmetology.ee\/en\/product\/woo-ninja-3\/","og_site_name":"IB Cosmetology","article_publisher":"https:\/\/www.facebook.com\/profile.php?id=61577033322869","article_modified_time":"2026-03-18T16:11:48+00:00","og_image":[{"width":1000,"height":1000,"url":"https:\/\/ib-cosmetology.ee\/wp-content\/uploads\/2013\/06\/izobrazhenie-14.jpeg","type":"image\/jpeg"}],"twitter_card":"summary_large_image","twitter_misc":{"Price":"31,00&nbsp;&euro;","Availability":"In stock"},"schema":{"@context":"https:\/\/schema.org","@graph":[{"@type":"WebPage","@id":"https:\/\/ib-cosmetology.ee\/en\/product\/woo-ninja-3\/","url":"https:\/\/ib-cosmetology.ee\/en\/product\/woo-ninja-3\/","name":"Travel DAILY PREVENTION Niisutav SPF 30 p\u00e4ikesekaitsesprei","isPartOf":{"@id":"https:\/\/ib-cosmetology.ee\/#website"},"primaryImageOfPage":{"@id":"https:\/\/ib-cosmetology.ee\/en\/product\/woo-ninja-3\/#primaryimage"},"image":{"@id":"https:\/\/ib-cosmetology.ee\/en\/product\/woo-ninja-3\/#primaryimage"},"thumbnailUrl":"https:\/\/ib-cosmetology.ee\/wp-content\/uploads\/2013\/06\/izobrazhenie-14.jpeg","datePublished":"2013-06-07T11:28:45+00:00","dateModified":"2026-03-18T16:11:48+00:00","breadcrumb":{"@id":"https:\/\/ib-cosmetology.ee\/en\/product\/woo-ninja-3\/#breadcrumb"},"inLanguage":"en-US","potentialAction":[{"@type":"ReadAction","target":["https:\/\/ib-cosmetology.ee\/en\/product\/woo-ninja-3\/"]}]},{"@type":"ImageObject","inLanguage":"en-US","@id":"https:\/\/ib-cosmetology.ee\/en\/product\/woo-ninja-3\/#primaryimage","url":"https:\/\/ib-cosmetology.ee\/wp-content\/uploads\/2013\/06\/izobrazhenie-14.jpeg","contentUrl":"https:\/\/ib-cosmetology.ee\/wp-content\/uploads\/2013\/06\/izobrazhenie-14.jpeg","width":1000,"height":1000},{"@type":"BreadcrumbList","@id":"https:\/\/ib-cosmetology.ee\/en\/product\/woo-ninja-3\/#breadcrumb","itemListElement":[{"@type":"ListItem","position":1,"name":"Home","item":"https:\/\/ib-cosmetology.ee\/en\/"},{"@type":"ListItem","position":2,"name":"Professional skincare store","item":"https:\/\/ib-cosmetology.ee\/en\/shop\/"},{"@type":"ListItem","position":3,"name":"Travel DAILY PREVENTION Niisutav SPF 30 p\u00e4ikesekaitsesprei"}]},{"@type":"WebSite","@id":"https:\/\/ib-cosmetology.ee\/#website","url":"https:\/\/ib-cosmetology.ee\/","name":"IB Cosmetology","description":"","publisher":{"@id":"https:\/\/ib-cosmetology.ee\/#organization"},"potentialAction":[{"@type":"SearchAction","target":{"@type":"EntryPoint","urlTemplate":"https:\/\/ib-cosmetology.ee\/?s={search_term_string}"},"query-input":{"@type":"PropertyValueSpecification","valueRequired":true,"valueName":"search_term_string"}}],"inLanguage":"en-US"},{"@type":"Organization","@id":"https:\/\/ib-cosmetology.ee\/#organization","name":"Ami-Cosmetology O\u00dc","url":"https:\/\/ib-cosmetology.ee\/","logo":{"@type":"ImageObject","inLanguage":"en-US","@id":"https:\/\/ib-cosmetology.ee\/#\/schema\/logo\/image\/","url":"https:\/\/ib-cosmetology.ee\/wp-content\/uploads\/2026\/02\/ib-cosmetology.webp","contentUrl":"https:\/\/ib-cosmetology.ee\/wp-content\/uploads\/2026\/02\/ib-cosmetology.webp","width":710,"height":830,"caption":"Ami-Cosmetology O\u00dc"},"image":{"@id":"https:\/\/ib-cosmetology.ee\/#\/schema\/logo\/image\/"},"sameAs":["https:\/\/www.facebook.com\/profile.php?id=61577033322869","https:\/\/www.instagram.com\/ib_cosmetology\/"]}]},"product_price_amount":"31.00","product_price_currency":"EUR","og_availability":"instock","product_availability":"instock","product_condition":"new"},"_links":{"self":[{"href":"https:\/\/ib-cosmetology.ee\/en\/wp-json\/wp\/v2\/product\/9316","targetHints":{"allow":["GET"]}}],"collection":[{"href":"https:\/\/ib-cosmetology.ee\/en\/wp-json\/wp\/v2\/product"}],"about":[{"href":"https:\/\/ib-cosmetology.ee\/en\/wp-json\/wp\/v2\/types\/product"}],"wp:featuredmedia":[{"embeddable":true,"href":"https:\/\/ib-cosmetology.ee\/en\/wp-json\/wp\/v2\/media\/9319"}],"wp:attachment":[{"href":"https:\/\/ib-cosmetology.ee\/en\/wp-json\/wp\/v2\/media?parent=9316"}],"wp:term":[{"taxonomy":"product_brand","embeddable":true,"href":"https:\/\/ib-cosmetology.ee\/en\/wp-json\/wp\/v2\/product_brand?post=9316"},{"taxonomy":"product_cat","embeddable":true,"href":"https:\/\/ib-cosmetology.ee\/en\/wp-json\/wp\/v2\/product_cat?post=9316"},{"taxonomy":"product_tag","embeddable":true,"href":"https:\/\/ib-cosmetology.ee\/en\/wp-json\/wp\/v2\/product_tag?post=9316"}],"curies":[{"name":"wp","href":"https:\/\/api.w.org\/{rel}","templated":true}]}}