{"id":9331,"date":"2013-06-07T11:25:01","date_gmt":"2013-06-07T11:25:01","guid":{"rendered":"https:\/\/new.ib-cosmetology.ee\/toode\/flying-ninja\/"},"modified":"2026-03-18T17:13:25","modified_gmt":"2026-03-18T15:13:25","slug":"flying-ninja","status":"publish","type":"product","link":"https:\/\/ib-cosmetology.ee\/en\/product\/flying-ninja\/","title":{"rendered":"CLEAR SKIN SOLUTIONS Komplekt probleemsele nahale."},"content":{"rendered":"<div id=\"product-20529\" class=\"product type-product post-20529 status-publish first instock product_cat-2022-uued-tooted product_cat-agne-vaher-image product_cat-clear-cell product_cat-nahahoolduskomplektid product_cat-proovikomplektid has-post-thumbnail featured taxable shipping-taxable purchasable product-type-simple ct-default-gallery ct-ajax-add-to-cart thumbs-bottom sticky-gallery sticky-summary\">\n<div class=\"woocommerce-tabs wc-tabs-wrapper\" data-type=\"type-1:center\">\n<article>\n<div id=\"product-20529\" class=\"product type-product post-20529 status-publish first instock product_cat-2022-uued-tooted product_cat-agne-vaher-image product_cat-clear-cell product_cat-nahahoolduskomplektid product_cat-proovikomplektid has-post-thumbnail featured taxable shipping-taxable purchasable product-type-simple ct-default-gallery ct-ajax-add-to-cart thumbs-bottom sticky-gallery sticky-summary\">\n<div class=\"woocommerce-tabs wc-tabs-wrapper\" data-type=\"type-1:center\">\n<article>\n<div id=\"tab-customTab-1\" class=\"woocommerce-Tabs-panel woocommerce-Tabs-panel--customTab-1 panel entry-content wc-tab is-layout-constrained\" role=\"tabpanel\" aria-labelledby=\"tab-title-customTab-1\">\n<p>A three-piece facial skincare set for oily and blemish-prone skin. The \u201c3-in-1\u201d facial cleanser with salicylic acid removes dirt and excess oil, exfoliates dead skin cells, and helps reduce the appearance of breakouts. A botanical extract-based serum helps calm inflammation and hydrate the skin. The restorative gel-cream nourishes and strengthens the skin throughout the night. What makes the gel-cream unique is bakuchiol\u2014a gentler alternative to retinol\u2014that helps refine skin texture and reduce the appearance of fine lines<\/p>\n<p>CLEAR CELL salits\u00fc\u00fclhappega n\u00e4opesugeel<\/p>\n<p>AQUA\/WATER\/EAU, GLYCERIN, AMMONIUM LAURETH SULFATE, BUTYLENE GLYCOL, AMMONIUM LAURYL SULFATE, COCAMIDOPROPYL HYDROXYSULTAINE, SALICYLIC ACID, HYDROXYPROPYL METHYLCELLULOSE, PHENOXYETHANOL, SODIUM HYDROXIDE, MELIA AZADIRACHTA LEAF EXTRACT, CAPRYLYL GLYCOL, LAURETH-10, AMMONIUM SULFATE, ETHYLHEXYLGLYCERIN, HEXYLENE GLYCOL, HAMAMELIS VIRGINIANA (WITCH HAZEL) WATER, AMMONIUM CHLORIDE, SODIUM BENZOATE, MENTHA VIRIDIS LEAF OIL, MELALEUCA ALTERNIFOLIA (TEA TREE) LEAF OIL, SODIUM CHLORIDE, ARNICA MONTANA FLOWER EXTRACT, EUCALYPTUS GLOBULUS LEAF OIL, ALCOHOL, CINNAMOMUM CAMPHORA (CAMPHOR) BARK OIL, GLYOXAL, ANTHEMIS NOBILIS FLOWER EXTRACT, AESCULUS HIPPOCASTANUM (HORSE CHESTNUT) EXTRACT, MALTODEXTRIN, SYRINGA VULGARIS (LILAC) EXTRACT, BOSWELLIA SERRATA EXTRACT, MEL EXTRACT (HONEY EXTRACT), ORYZA SATIVA (RICE) BRAN EXTRACT, OLIGOPEPTIDE-10.<\/p>\n<p>CLEAR CELL rahustav ja matistav seerum<\/p>\n<p>AQUA\/WATER\/EAU, GLYCERIN, PENTYLENE GLYCOL, ASCORBYL GLUCOSIDE, XYLITYLGLUCOSIDE, SILICA, ANHYDROXYLITOL, SODIUM HYDROXIDE, PHENOXYETHANOL, ACRYLATES\/C10-30 ALKYL ACRYLATE CROSSPOLYMER, BUTYLENE GLYCOL, XYLITOL, CAPRYLYL GLYCOL, ALLANTOIN, TAMARINDUS INDICA SEED POLYSACCHARIDE, ALOE BARBADENSIS LEAF JUICE, ETHYLHEXYLGLYCERIN, HEXYLENE GLYCOL, PYRIDOXINE HCL, XANTHAN GUM, DIPOTASSIUM GLYCYRRHIZATE, SODIUM BENZOATE, PROPANEDIOL, SODIUM PHYTATE, LAVANDULA ANGUSTIFOLIA (LAVENDER) OIL, BOSWELLIA SERRATA EXTRACT, MEL EXTRACT (HONEY EXTRACT), ORYZA SATIVA (RICE) BRAN EXTRACT, LINALOOL, CAMELLIA SINENSIS LEAF EXTRACT, PYRUVIC ACID, OLIGOPEPTIDE-10, POTASSIUM SORBATE.<\/p>\n<p>CLEAR CELL geelkreem probleemsele nahale<\/p>\n<p>AQUA\/WATER\/EAU, SQUALANE, GLYCERIN, SALICYLIC ACID, DIMETHICONE, GLYCERYL STEARATE, PENTYLENE GLYCOL, CETYL ALCOHOL, CETEARYL ALCOHOL, PHENOXYETHANOL, BAKUCHIOL, NIACINAMIDE, SCLEROTIUM GUM, STEARIC ACID, SODIUM LAUROYL LACTYLATE, CETETH-10 PHOSPHATE, DICETYL PHOSPHATE, SODIUM HYDROXIDE, ETHYLHEXYLGLYCERIN, EUCALYPTUS GLOBULUS LEAF OIL, MELALEUCA ALTERNIFOLIA (TEA TREE) LEAF OIL, CERAMIDE NP, CERAMIDE AP, PHYTOSPHINGOSINE, CHOLESTEROL, EPILOBIUM ANGUSTIFOLIUM FLOWER\/LEAF\/STEM EXTRACT, XANTHAN GUM, CARBOMER, LIMONENE, ANTHEMIS NOBILIS FLOWER EXTRACT, CUCUMIS SATIVUS (CUCUMBER) FRUIT EXTRACT, SALIX NIGRA (WILLOW) BARK EXTRACT, SYMPHYTUM OFFICINALE RHIZOME\/ROOT EXTRACT, SODIUM METABISULFITE, CERAMIDE EOP.<\/p>\n<p>*Toote koostises v\u00f5ib esineda m\u00f5ningaid muudatusi. T\u00e4pne koostis toote pakendil.<\/p>\n<p>Tooted vastavad Image Skincare Clean Clinical Skincare\u2122 standardile ning on seet\u00f5ttu parabeenide, ftalaatide, mineraal\u00f5lide, kunstlike l\u00f5hna ja v\u00e4rvainete vaba. Tooteid ei ole testitud loomade peal.<\/p>\n<p>Tootmiseks ja pakendamiseks vajalikud materjalid p\u00e4rinevad vastutustundlikult majandatud metsadest ning vastavad FSC standardile.<\/p>\n<\/div>\n<\/article>\n<\/div>\n<\/div>\n<\/article>\n<\/div>\n<\/div>\n<section class=\"related products is-width-constrained\"><\/section>\n","protected":false},"excerpt":{"rendered":"<p>A three-piece facial skincare set for oily and blemish-prone skin. The \u201c3-in-1\u201d facial cleanser with salicylic acid removes dirt and excess oil, exfoliates dead skin cells, and helps reduce the appearance of breakouts. A botanical extract-based serum helps calm inflammation and hydrate the skin. The restorative gel-cream nourishes and strengthens the skin throughout the night&#8230;.<\/p>\n","protected":false},"featured_media":9334,"template":"","meta":[],"product_brand":[],"product_cat":[101,153,131,137,113],"product_tag":[],"class_list":{"0":"post-9331","1":"product","2":"type-product","3":"status-publish","4":"has-post-thumbnail","6":"product_cat-acne","7":"product_cat-anti-acne","8":"product_cat-cleansing","9":"product_cat-cleansing-gels","10":"product_cat-facial-skincare","12":"first","13":"outofstock","14":"sale","15":"featured","16":"taxable","17":"shipping-taxable","18":"purchasable","19":"product-type-simple"},"yoast_head":"<!-- This site is optimized with the Yoast SEO plugin v27.2 - https:\/\/yoast.com\/product\/yoast-seo-wordpress\/ -->\n<title>CLEAR SKIN SOLUTIONS Komplekt probleemsele nahale.<\/title>\n<meta name=\"robots\" content=\"index, follow, max-snippet:-1, max-image-preview:large, max-video-preview:-1\" \/>\n<link rel=\"canonical\" href=\"https:\/\/ib-cosmetology.ee\/en\/product\/flying-ninja\/\" \/>\n<meta property=\"og:locale\" content=\"en_US\" \/>\n<meta property=\"og:type\" content=\"article\" \/>\n<meta property=\"og:title\" content=\"CLEAR SKIN SOLUTIONS Komplekt probleemsele nahale.\" \/>\n<meta property=\"og:description\" content=\"A three-piece facial skincare set for oily and blemish-prone skin. The \u201c3-in-1\u201d facial cleanser with salicylic acid removes dirt and excess oil, exfoliates dead skin cells, and helps reduce the appearance of breakouts. A botanical extract-based serum helps calm inflammation and hydrate the skin. The restorative gel-cream nourishes and strengthens the skin throughout the night....\" \/>\n<meta property=\"og:url\" content=\"https:\/\/ib-cosmetology.ee\/en\/product\/flying-ninja\/\" \/>\n<meta property=\"og:site_name\" content=\"IB Cosmetology\" \/>\n<meta property=\"article:publisher\" content=\"https:\/\/www.facebook.com\/profile.php?id=61577033322869\" \/>\n<meta property=\"article:modified_time\" content=\"2026-03-18T15:13:25+00:00\" \/>\n<meta property=\"og:image\" content=\"https:\/\/ib-cosmetology.ee\/wp-content\/uploads\/2013\/06\/izobrazhenie-17.jpeg\" \/>\n\t<meta property=\"og:image:width\" content=\"1000\" \/>\n\t<meta property=\"og:image:height\" content=\"1000\" \/>\n\t<meta property=\"og:image:type\" content=\"image\/jpeg\" \/>\n<meta name=\"twitter:card\" content=\"summary_large_image\" \/>\n<meta name=\"twitter:label1\" content=\"Price\" \/>\n\t<meta name=\"twitter:data1\" content=\"55,00&nbsp;&euro;\" \/>\n\t<meta name=\"twitter:label2\" content=\"Availability\" \/>\n\t<meta name=\"twitter:data2\" content=\"Out of stock\" \/>\n<script type=\"application\/ld+json\" class=\"yoast-schema-graph\">{\"@context\":\"https:\/\/schema.org\",\"@graph\":[{\"@type\":\"WebPage\",\"@id\":\"https:\/\/ib-cosmetology.ee\/en\/product\/flying-ninja\/\",\"url\":\"https:\/\/ib-cosmetology.ee\/en\/product\/flying-ninja\/\",\"name\":\"CLEAR SKIN SOLUTIONS Komplekt probleemsele nahale.\",\"isPartOf\":{\"@id\":\"https:\/\/ib-cosmetology.ee\/#website\"},\"primaryImageOfPage\":{\"@id\":\"https:\/\/ib-cosmetology.ee\/en\/product\/flying-ninja\/#primaryimage\"},\"image\":{\"@id\":\"https:\/\/ib-cosmetology.ee\/en\/product\/flying-ninja\/#primaryimage\"},\"thumbnailUrl\":\"https:\/\/ib-cosmetology.ee\/wp-content\/uploads\/2013\/06\/izobrazhenie-17.jpeg\",\"datePublished\":\"2013-06-07T11:25:01+00:00\",\"dateModified\":\"2026-03-18T15:13:25+00:00\",\"breadcrumb\":{\"@id\":\"https:\/\/ib-cosmetology.ee\/en\/product\/flying-ninja\/#breadcrumb\"},\"inLanguage\":\"en-US\",\"potentialAction\":[{\"@type\":\"ReadAction\",\"target\":[\"https:\/\/ib-cosmetology.ee\/en\/product\/flying-ninja\/\"]}]},{\"@type\":\"ImageObject\",\"inLanguage\":\"en-US\",\"@id\":\"https:\/\/ib-cosmetology.ee\/en\/product\/flying-ninja\/#primaryimage\",\"url\":\"https:\/\/ib-cosmetology.ee\/wp-content\/uploads\/2013\/06\/izobrazhenie-17.jpeg\",\"contentUrl\":\"https:\/\/ib-cosmetology.ee\/wp-content\/uploads\/2013\/06\/izobrazhenie-17.jpeg\",\"width\":1000,\"height\":1000},{\"@type\":\"BreadcrumbList\",\"@id\":\"https:\/\/ib-cosmetology.ee\/en\/product\/flying-ninja\/#breadcrumb\",\"itemListElement\":[{\"@type\":\"ListItem\",\"position\":1,\"name\":\"Home\",\"item\":\"https:\/\/ib-cosmetology.ee\/en\/\"},{\"@type\":\"ListItem\",\"position\":2,\"name\":\"Professional skincare store\",\"item\":\"https:\/\/ib-cosmetology.ee\/en\/shop\/\"},{\"@type\":\"ListItem\",\"position\":3,\"name\":\"CLEAR SKIN SOLUTIONS Komplekt probleemsele nahale.\"}]},{\"@type\":\"WebSite\",\"@id\":\"https:\/\/ib-cosmetology.ee\/#website\",\"url\":\"https:\/\/ib-cosmetology.ee\/\",\"name\":\"IB Cosmetology\",\"description\":\"\",\"publisher\":{\"@id\":\"https:\/\/ib-cosmetology.ee\/#organization\"},\"potentialAction\":[{\"@type\":\"SearchAction\",\"target\":{\"@type\":\"EntryPoint\",\"urlTemplate\":\"https:\/\/ib-cosmetology.ee\/?s={search_term_string}\"},\"query-input\":{\"@type\":\"PropertyValueSpecification\",\"valueRequired\":true,\"valueName\":\"search_term_string\"}}],\"inLanguage\":\"en-US\"},{\"@type\":\"Organization\",\"@id\":\"https:\/\/ib-cosmetology.ee\/#organization\",\"name\":\"Ami-Cosmetology O\u00dc\",\"url\":\"https:\/\/ib-cosmetology.ee\/\",\"logo\":{\"@type\":\"ImageObject\",\"inLanguage\":\"en-US\",\"@id\":\"https:\/\/ib-cosmetology.ee\/#\/schema\/logo\/image\/\",\"url\":\"https:\/\/ib-cosmetology.ee\/wp-content\/uploads\/2026\/02\/ib-cosmetology.webp\",\"contentUrl\":\"https:\/\/ib-cosmetology.ee\/wp-content\/uploads\/2026\/02\/ib-cosmetology.webp\",\"width\":710,\"height\":830,\"caption\":\"Ami-Cosmetology O\u00dc\"},\"image\":{\"@id\":\"https:\/\/ib-cosmetology.ee\/#\/schema\/logo\/image\/\"},\"sameAs\":[\"https:\/\/www.facebook.com\/profile.php?id=61577033322869\",\"https:\/\/www.instagram.com\/ib_cosmetology\/\"]}]}<\/script>\n<meta property=\"product:price:amount\" content=\"55.00\" \/>\n<meta property=\"product:price:currency\" content=\"EUR\" \/>\n<meta property=\"og:availability\" content=\"out of stock\" \/>\n<meta property=\"product:availability\" content=\"out of stock\" \/>\n<meta property=\"product:condition\" content=\"new\" \/>\n<!-- \/ Yoast SEO plugin. -->","yoast_head_json":{"title":"CLEAR SKIN SOLUTIONS Komplekt probleemsele nahale.","robots":{"index":"index","follow":"follow","max-snippet":"max-snippet:-1","max-image-preview":"max-image-preview:large","max-video-preview":"max-video-preview:-1"},"canonical":"https:\/\/ib-cosmetology.ee\/en\/product\/flying-ninja\/","og_locale":"en_US","og_type":"article","og_title":"CLEAR SKIN SOLUTIONS Komplekt probleemsele nahale.","og_description":"A three-piece facial skincare set for oily and blemish-prone skin. The \u201c3-in-1\u201d facial cleanser with salicylic acid removes dirt and excess oil, exfoliates dead skin cells, and helps reduce the appearance of breakouts. A botanical extract-based serum helps calm inflammation and hydrate the skin. The restorative gel-cream nourishes and strengthens the skin throughout the night....","og_url":"https:\/\/ib-cosmetology.ee\/en\/product\/flying-ninja\/","og_site_name":"IB Cosmetology","article_publisher":"https:\/\/www.facebook.com\/profile.php?id=61577033322869","article_modified_time":"2026-03-18T15:13:25+00:00","og_image":[{"width":1000,"height":1000,"url":"https:\/\/ib-cosmetology.ee\/wp-content\/uploads\/2013\/06\/izobrazhenie-17.jpeg","type":"image\/jpeg"}],"twitter_card":"summary_large_image","twitter_misc":{"Price":"55,00&nbsp;&euro;","Availability":"Out of stock"},"schema":{"@context":"https:\/\/schema.org","@graph":[{"@type":"WebPage","@id":"https:\/\/ib-cosmetology.ee\/en\/product\/flying-ninja\/","url":"https:\/\/ib-cosmetology.ee\/en\/product\/flying-ninja\/","name":"CLEAR SKIN SOLUTIONS Komplekt probleemsele nahale.","isPartOf":{"@id":"https:\/\/ib-cosmetology.ee\/#website"},"primaryImageOfPage":{"@id":"https:\/\/ib-cosmetology.ee\/en\/product\/flying-ninja\/#primaryimage"},"image":{"@id":"https:\/\/ib-cosmetology.ee\/en\/product\/flying-ninja\/#primaryimage"},"thumbnailUrl":"https:\/\/ib-cosmetology.ee\/wp-content\/uploads\/2013\/06\/izobrazhenie-17.jpeg","datePublished":"2013-06-07T11:25:01+00:00","dateModified":"2026-03-18T15:13:25+00:00","breadcrumb":{"@id":"https:\/\/ib-cosmetology.ee\/en\/product\/flying-ninja\/#breadcrumb"},"inLanguage":"en-US","potentialAction":[{"@type":"ReadAction","target":["https:\/\/ib-cosmetology.ee\/en\/product\/flying-ninja\/"]}]},{"@type":"ImageObject","inLanguage":"en-US","@id":"https:\/\/ib-cosmetology.ee\/en\/product\/flying-ninja\/#primaryimage","url":"https:\/\/ib-cosmetology.ee\/wp-content\/uploads\/2013\/06\/izobrazhenie-17.jpeg","contentUrl":"https:\/\/ib-cosmetology.ee\/wp-content\/uploads\/2013\/06\/izobrazhenie-17.jpeg","width":1000,"height":1000},{"@type":"BreadcrumbList","@id":"https:\/\/ib-cosmetology.ee\/en\/product\/flying-ninja\/#breadcrumb","itemListElement":[{"@type":"ListItem","position":1,"name":"Home","item":"https:\/\/ib-cosmetology.ee\/en\/"},{"@type":"ListItem","position":2,"name":"Professional skincare store","item":"https:\/\/ib-cosmetology.ee\/en\/shop\/"},{"@type":"ListItem","position":3,"name":"CLEAR SKIN SOLUTIONS Komplekt probleemsele nahale."}]},{"@type":"WebSite","@id":"https:\/\/ib-cosmetology.ee\/#website","url":"https:\/\/ib-cosmetology.ee\/","name":"IB Cosmetology","description":"","publisher":{"@id":"https:\/\/ib-cosmetology.ee\/#organization"},"potentialAction":[{"@type":"SearchAction","target":{"@type":"EntryPoint","urlTemplate":"https:\/\/ib-cosmetology.ee\/?s={search_term_string}"},"query-input":{"@type":"PropertyValueSpecification","valueRequired":true,"valueName":"search_term_string"}}],"inLanguage":"en-US"},{"@type":"Organization","@id":"https:\/\/ib-cosmetology.ee\/#organization","name":"Ami-Cosmetology O\u00dc","url":"https:\/\/ib-cosmetology.ee\/","logo":{"@type":"ImageObject","inLanguage":"en-US","@id":"https:\/\/ib-cosmetology.ee\/#\/schema\/logo\/image\/","url":"https:\/\/ib-cosmetology.ee\/wp-content\/uploads\/2026\/02\/ib-cosmetology.webp","contentUrl":"https:\/\/ib-cosmetology.ee\/wp-content\/uploads\/2026\/02\/ib-cosmetology.webp","width":710,"height":830,"caption":"Ami-Cosmetology O\u00dc"},"image":{"@id":"https:\/\/ib-cosmetology.ee\/#\/schema\/logo\/image\/"},"sameAs":["https:\/\/www.facebook.com\/profile.php?id=61577033322869","https:\/\/www.instagram.com\/ib_cosmetology\/"]}]},"product_price_amount":"55.00","product_price_currency":"EUR","og_availability":"out of stock","product_availability":"out of stock","product_condition":"new"},"_links":{"self":[{"href":"https:\/\/ib-cosmetology.ee\/en\/wp-json\/wp\/v2\/product\/9331","targetHints":{"allow":["GET"]}}],"collection":[{"href":"https:\/\/ib-cosmetology.ee\/en\/wp-json\/wp\/v2\/product"}],"about":[{"href":"https:\/\/ib-cosmetology.ee\/en\/wp-json\/wp\/v2\/types\/product"}],"wp:featuredmedia":[{"embeddable":true,"href":"https:\/\/ib-cosmetology.ee\/en\/wp-json\/wp\/v2\/media\/9334"}],"wp:attachment":[{"href":"https:\/\/ib-cosmetology.ee\/en\/wp-json\/wp\/v2\/media?parent=9331"}],"wp:term":[{"taxonomy":"product_brand","embeddable":true,"href":"https:\/\/ib-cosmetology.ee\/en\/wp-json\/wp\/v2\/product_brand?post=9331"},{"taxonomy":"product_cat","embeddable":true,"href":"https:\/\/ib-cosmetology.ee\/en\/wp-json\/wp\/v2\/product_cat?post=9331"},{"taxonomy":"product_tag","embeddable":true,"href":"https:\/\/ib-cosmetology.ee\/en\/wp-json\/wp\/v2\/product_tag?post=9331"}],"curies":[{"name":"wp","href":"https:\/\/api.w.org\/{rel}","templated":true}]}}