{"id":9342,"date":"2013-06-07T11:22:50","date_gmt":"2013-06-07T11:22:50","guid":{"rendered":"https:\/\/new.ib-cosmetology.ee\/toode\/ship-your-idea-3\/"},"modified":"2026-03-18T18:12:25","modified_gmt":"2026-03-18T16:12:25","slug":"ship-your-idea-3","status":"publish","type":"product","link":"https:\/\/ib-cosmetology.ee\/en\/product\/ship-your-idea-3\/","title":{"rendered":"CLEAR CELL Salits\u00fc\u00fclhappega puhastuspadjad n\u00e4ole"},"content":{"rendered":"<p>Probleemsele ja teismeliste nahale loodud puhastuspadjad salits\u00fc\u00fcl- ja gl\u00fckoolhappega naha kiireks puhastamiseks.<\/p>\n<p>Eelniisutatud puhastuspatjadega saad\u00a0eemaldada liigse rasu, higi ja mustuse ning ennetada pooride ummistumist ning p\u00f5letikukollete teket. Tee- ja n\u00f5iapuu ning kummeli ekstraktid v\u00e4hendavad punetust ning rahustavad p\u00f5letikulisi piirkondi.<\/p>\n<p>Puhastuspadjad sobivad kasutamiseks ka kehal.<\/p>\n<div id=\"product-638\" class=\"product type-product post-638 status-publish first instock product_cat-agne-vaher-image product_cat-akne-ja-probleemne-nahk product_cat-clear-cell product_cat-meeste-lemmikud product_cat-naopuhastus has-post-thumbnail taxable shipping-taxable purchasable product-type-simple ct-default-gallery ct-ajax-add-to-cart thumbs-bottom sticky-gallery sticky-summary\">\n<div class=\"woocommerce-tabs wc-tabs-wrapper\" data-type=\"type-1:center\">\n<article>\n<div id=\"tab-customTab-0\" class=\"woocommerce-Tabs-panel woocommerce-Tabs-panel--customTab-0 panel entry-content wc-tab is-layout-constrained\" role=\"tabpanel\" aria-labelledby=\"tab-title-customTab-0\">\n<p>Puhasta padjaga kogu n\u00e4gu v\u00f5i soovitud piirkond. L\u00f5peta toote kasutamine, kui tekib t\u00f5sine na- ha\u00e4rritus. Hoia k\u00f5vasti suletuna toatemperatuuril. Tuleohtlik.<\/p>\n<p>Mugav kasutada reisidel v\u00f5i peale f\u00fc\u00fcsilist treeningut. Sobib teismelistele ning sissekasvanud karvade raviks.<\/p>\n<div id=\"product-638\" class=\"product type-product post-638 status-publish first instock product_cat-agne-vaher-image product_cat-akne-ja-probleemne-nahk product_cat-clear-cell product_cat-meeste-lemmikud product_cat-naopuhastus has-post-thumbnail taxable shipping-taxable purchasable product-type-simple ct-default-gallery ct-ajax-add-to-cart thumbs-bottom sticky-gallery sticky-summary\">\n<div class=\"woocommerce-tabs wc-tabs-wrapper\" data-type=\"type-1:center\">\n<article>\n<div id=\"tab-customTab-2\" class=\"woocommerce-Tabs-panel woocommerce-Tabs-panel--customTab-2 panel entry-content wc-tab is-layout-constrained\" role=\"tabpanel\" aria-labelledby=\"tab-title-customTab-2\">\n<p>Pakendis on 60 puhastuslappi.<\/p>\n<p>NB! P\u00e4rast tellimuse vormistamist oodake palun e-kirja, mis kinnitab toote saadavust ja tarneaega. Parima tulemuse saavutamiseks on enne selle toote kasutamist soovitatav eelnev konsultatsioon kosmeetikuga.<\/p>\n<p>&nbsp;<\/p>\n<\/div>\n<\/article>\n<\/div>\n<\/div>\n<\/div>\n<\/article>\n<\/div>\n<\/div>\n","protected":false},"excerpt":{"rendered":"<p>Probleemsele ja teismeliste nahale loodud puhastuspadjad salits\u00fc\u00fcl- ja gl\u00fckoolhappega naha kiireks puhastamiseks. Eelniisutatud puhastuspatjadega saad\u00a0eemaldada liigse rasu, higi ja mustuse ning ennetada pooride ummistumist ning p\u00f5letikukollete teket. Tee- ja n\u00f5iapuu ning kummeli ekstraktid v\u00e4hendavad punetust ning rahustavad p\u00f5letikulisi piirkondi. Puhastuspadjad sobivad kasutamiseks ka kehal. Puhasta padjaga kogu n\u00e4gu v\u00f5i soovitud piirkond. L\u00f5peta toote kasutamine, kui&#8230;<\/p>\n","protected":false},"featured_media":9345,"template":"","meta":[],"product_brand":[],"product_cat":[101,131,165,113],"product_tag":[],"class_list":{"0":"post-9342","1":"product","2":"type-product","3":"status-publish","4":"has-post-thumbnail","6":"product_cat-acne","7":"product_cat-cleansing","8":"product_cat-exfoliating-toners","9":"product_cat-facial-skincare","11":"first","12":"instock","13":"sale","14":"taxable","15":"shipping-taxable","16":"purchasable","17":"product-type-simple"},"yoast_head":"<!-- This site is optimized with the Yoast SEO plugin v27.2 - https:\/\/yoast.com\/product\/yoast-seo-wordpress\/ -->\n<title>CLEAR CELL Salits\u00fc\u00fclhappega puhastuspadjad n\u00e4ole<\/title>\n<meta name=\"robots\" content=\"index, follow, max-snippet:-1, max-image-preview:large, max-video-preview:-1\" \/>\n<link rel=\"canonical\" href=\"https:\/\/ib-cosmetology.ee\/en\/product\/ship-your-idea-3\/\" \/>\n<meta property=\"og:locale\" content=\"en_US\" \/>\n<meta property=\"og:type\" content=\"article\" \/>\n<meta property=\"og:title\" content=\"CLEAR CELL Salits\u00fc\u00fclhappega puhastuspadjad n\u00e4ole\" \/>\n<meta property=\"og:description\" content=\"Probleemsele ja teismeliste nahale loodud puhastuspadjad salits\u00fc\u00fcl- ja gl\u00fckoolhappega naha kiireks puhastamiseks. Eelniisutatud puhastuspatjadega saad\u00a0eemaldada liigse rasu, higi ja mustuse ning ennetada pooride ummistumist ning p\u00f5letikukollete teket. Tee- ja n\u00f5iapuu ning kummeli ekstraktid v\u00e4hendavad punetust ning rahustavad p\u00f5letikulisi piirkondi. Puhastuspadjad sobivad kasutamiseks ka kehal. Puhasta padjaga kogu n\u00e4gu v\u00f5i soovitud piirkond. L\u00f5peta toote kasutamine, kui...\" \/>\n<meta property=\"og:url\" content=\"https:\/\/ib-cosmetology.ee\/en\/product\/ship-your-idea-3\/\" \/>\n<meta property=\"og:site_name\" content=\"IB Cosmetology\" \/>\n<meta property=\"article:publisher\" content=\"https:\/\/www.facebook.com\/profile.php?id=61577033322869\" \/>\n<meta property=\"article:modified_time\" content=\"2026-03-18T16:12:25+00:00\" \/>\n<meta property=\"og:image\" content=\"https:\/\/ib-cosmetology.ee\/wp-content\/uploads\/2013\/06\/izobrazhenie-20.jpeg\" \/>\n\t<meta property=\"og:image:width\" content=\"1000\" \/>\n\t<meta property=\"og:image:height\" content=\"1000\" \/>\n\t<meta property=\"og:image:type\" content=\"image\/jpeg\" \/>\n<meta name=\"twitter:card\" content=\"summary_large_image\" \/>\n<meta name=\"twitter:label1\" content=\"Price\" \/>\n\t<meta name=\"twitter:data1\" content=\"39,00&nbsp;&euro;\" \/>\n\t<meta name=\"twitter:label2\" content=\"Availability\" \/>\n\t<meta name=\"twitter:data2\" content=\"In stock\" \/>\n<script type=\"application\/ld+json\" class=\"yoast-schema-graph\">{\"@context\":\"https:\/\/schema.org\",\"@graph\":[{\"@type\":\"WebPage\",\"@id\":\"https:\/\/ib-cosmetology.ee\/en\/product\/ship-your-idea-3\/\",\"url\":\"https:\/\/ib-cosmetology.ee\/en\/product\/ship-your-idea-3\/\",\"name\":\"CLEAR CELL Salits\u00fc\u00fclhappega puhastuspadjad n\u00e4ole\",\"isPartOf\":{\"@id\":\"https:\/\/ib-cosmetology.ee\/#website\"},\"primaryImageOfPage\":{\"@id\":\"https:\/\/ib-cosmetology.ee\/en\/product\/ship-your-idea-3\/#primaryimage\"},\"image\":{\"@id\":\"https:\/\/ib-cosmetology.ee\/en\/product\/ship-your-idea-3\/#primaryimage\"},\"thumbnailUrl\":\"https:\/\/ib-cosmetology.ee\/wp-content\/uploads\/2013\/06\/izobrazhenie-20.jpeg\",\"datePublished\":\"2013-06-07T11:22:50+00:00\",\"dateModified\":\"2026-03-18T16:12:25+00:00\",\"breadcrumb\":{\"@id\":\"https:\/\/ib-cosmetology.ee\/en\/product\/ship-your-idea-3\/#breadcrumb\"},\"inLanguage\":\"en-US\",\"potentialAction\":[{\"@type\":\"ReadAction\",\"target\":[\"https:\/\/ib-cosmetology.ee\/en\/product\/ship-your-idea-3\/\"]}]},{\"@type\":\"ImageObject\",\"inLanguage\":\"en-US\",\"@id\":\"https:\/\/ib-cosmetology.ee\/en\/product\/ship-your-idea-3\/#primaryimage\",\"url\":\"https:\/\/ib-cosmetology.ee\/wp-content\/uploads\/2013\/06\/izobrazhenie-20.jpeg\",\"contentUrl\":\"https:\/\/ib-cosmetology.ee\/wp-content\/uploads\/2013\/06\/izobrazhenie-20.jpeg\",\"width\":1000,\"height\":1000},{\"@type\":\"BreadcrumbList\",\"@id\":\"https:\/\/ib-cosmetology.ee\/en\/product\/ship-your-idea-3\/#breadcrumb\",\"itemListElement\":[{\"@type\":\"ListItem\",\"position\":1,\"name\":\"Home\",\"item\":\"https:\/\/ib-cosmetology.ee\/en\/\"},{\"@type\":\"ListItem\",\"position\":2,\"name\":\"Professional skincare store\",\"item\":\"https:\/\/ib-cosmetology.ee\/en\/shop\/\"},{\"@type\":\"ListItem\",\"position\":3,\"name\":\"CLEAR CELL Salits\u00fc\u00fclhappega puhastuspadjad n\u00e4ole\"}]},{\"@type\":\"WebSite\",\"@id\":\"https:\/\/ib-cosmetology.ee\/#website\",\"url\":\"https:\/\/ib-cosmetology.ee\/\",\"name\":\"IB Cosmetology\",\"description\":\"\",\"publisher\":{\"@id\":\"https:\/\/ib-cosmetology.ee\/#organization\"},\"potentialAction\":[{\"@type\":\"SearchAction\",\"target\":{\"@type\":\"EntryPoint\",\"urlTemplate\":\"https:\/\/ib-cosmetology.ee\/?s={search_term_string}\"},\"query-input\":{\"@type\":\"PropertyValueSpecification\",\"valueRequired\":true,\"valueName\":\"search_term_string\"}}],\"inLanguage\":\"en-US\"},{\"@type\":\"Organization\",\"@id\":\"https:\/\/ib-cosmetology.ee\/#organization\",\"name\":\"Ami-Cosmetology O\u00dc\",\"url\":\"https:\/\/ib-cosmetology.ee\/\",\"logo\":{\"@type\":\"ImageObject\",\"inLanguage\":\"en-US\",\"@id\":\"https:\/\/ib-cosmetology.ee\/#\/schema\/logo\/image\/\",\"url\":\"https:\/\/ib-cosmetology.ee\/wp-content\/uploads\/2026\/02\/ib-cosmetology.webp\",\"contentUrl\":\"https:\/\/ib-cosmetology.ee\/wp-content\/uploads\/2026\/02\/ib-cosmetology.webp\",\"width\":710,\"height\":830,\"caption\":\"Ami-Cosmetology O\u00dc\"},\"image\":{\"@id\":\"https:\/\/ib-cosmetology.ee\/#\/schema\/logo\/image\/\"},\"sameAs\":[\"https:\/\/www.facebook.com\/profile.php?id=61577033322869\",\"https:\/\/www.instagram.com\/ib_cosmetology\/\"]}]}<\/script>\n<meta property=\"product:price:amount\" content=\"39.00\" \/>\n<meta property=\"product:price:currency\" content=\"EUR\" \/>\n<meta property=\"og:availability\" content=\"instock\" \/>\n<meta property=\"product:availability\" content=\"instock\" \/>\n<meta property=\"product:condition\" content=\"new\" \/>\n<!-- \/ Yoast SEO plugin. -->","yoast_head_json":{"title":"CLEAR CELL Salits\u00fc\u00fclhappega puhastuspadjad n\u00e4ole","robots":{"index":"index","follow":"follow","max-snippet":"max-snippet:-1","max-image-preview":"max-image-preview:large","max-video-preview":"max-video-preview:-1"},"canonical":"https:\/\/ib-cosmetology.ee\/en\/product\/ship-your-idea-3\/","og_locale":"en_US","og_type":"article","og_title":"CLEAR CELL Salits\u00fc\u00fclhappega puhastuspadjad n\u00e4ole","og_description":"Probleemsele ja teismeliste nahale loodud puhastuspadjad salits\u00fc\u00fcl- ja gl\u00fckoolhappega naha kiireks puhastamiseks. Eelniisutatud puhastuspatjadega saad\u00a0eemaldada liigse rasu, higi ja mustuse ning ennetada pooride ummistumist ning p\u00f5letikukollete teket. Tee- ja n\u00f5iapuu ning kummeli ekstraktid v\u00e4hendavad punetust ning rahustavad p\u00f5letikulisi piirkondi. Puhastuspadjad sobivad kasutamiseks ka kehal. Puhasta padjaga kogu n\u00e4gu v\u00f5i soovitud piirkond. L\u00f5peta toote kasutamine, kui...","og_url":"https:\/\/ib-cosmetology.ee\/en\/product\/ship-your-idea-3\/","og_site_name":"IB Cosmetology","article_publisher":"https:\/\/www.facebook.com\/profile.php?id=61577033322869","article_modified_time":"2026-03-18T16:12:25+00:00","og_image":[{"width":1000,"height":1000,"url":"https:\/\/ib-cosmetology.ee\/wp-content\/uploads\/2013\/06\/izobrazhenie-20.jpeg","type":"image\/jpeg"}],"twitter_card":"summary_large_image","twitter_misc":{"Price":"39,00&nbsp;&euro;","Availability":"In stock"},"schema":{"@context":"https:\/\/schema.org","@graph":[{"@type":"WebPage","@id":"https:\/\/ib-cosmetology.ee\/en\/product\/ship-your-idea-3\/","url":"https:\/\/ib-cosmetology.ee\/en\/product\/ship-your-idea-3\/","name":"CLEAR CELL Salits\u00fc\u00fclhappega puhastuspadjad n\u00e4ole","isPartOf":{"@id":"https:\/\/ib-cosmetology.ee\/#website"},"primaryImageOfPage":{"@id":"https:\/\/ib-cosmetology.ee\/en\/product\/ship-your-idea-3\/#primaryimage"},"image":{"@id":"https:\/\/ib-cosmetology.ee\/en\/product\/ship-your-idea-3\/#primaryimage"},"thumbnailUrl":"https:\/\/ib-cosmetology.ee\/wp-content\/uploads\/2013\/06\/izobrazhenie-20.jpeg","datePublished":"2013-06-07T11:22:50+00:00","dateModified":"2026-03-18T16:12:25+00:00","breadcrumb":{"@id":"https:\/\/ib-cosmetology.ee\/en\/product\/ship-your-idea-3\/#breadcrumb"},"inLanguage":"en-US","potentialAction":[{"@type":"ReadAction","target":["https:\/\/ib-cosmetology.ee\/en\/product\/ship-your-idea-3\/"]}]},{"@type":"ImageObject","inLanguage":"en-US","@id":"https:\/\/ib-cosmetology.ee\/en\/product\/ship-your-idea-3\/#primaryimage","url":"https:\/\/ib-cosmetology.ee\/wp-content\/uploads\/2013\/06\/izobrazhenie-20.jpeg","contentUrl":"https:\/\/ib-cosmetology.ee\/wp-content\/uploads\/2013\/06\/izobrazhenie-20.jpeg","width":1000,"height":1000},{"@type":"BreadcrumbList","@id":"https:\/\/ib-cosmetology.ee\/en\/product\/ship-your-idea-3\/#breadcrumb","itemListElement":[{"@type":"ListItem","position":1,"name":"Home","item":"https:\/\/ib-cosmetology.ee\/en\/"},{"@type":"ListItem","position":2,"name":"Professional skincare store","item":"https:\/\/ib-cosmetology.ee\/en\/shop\/"},{"@type":"ListItem","position":3,"name":"CLEAR CELL Salits\u00fc\u00fclhappega puhastuspadjad n\u00e4ole"}]},{"@type":"WebSite","@id":"https:\/\/ib-cosmetology.ee\/#website","url":"https:\/\/ib-cosmetology.ee\/","name":"IB Cosmetology","description":"","publisher":{"@id":"https:\/\/ib-cosmetology.ee\/#organization"},"potentialAction":[{"@type":"SearchAction","target":{"@type":"EntryPoint","urlTemplate":"https:\/\/ib-cosmetology.ee\/?s={search_term_string}"},"query-input":{"@type":"PropertyValueSpecification","valueRequired":true,"valueName":"search_term_string"}}],"inLanguage":"en-US"},{"@type":"Organization","@id":"https:\/\/ib-cosmetology.ee\/#organization","name":"Ami-Cosmetology O\u00dc","url":"https:\/\/ib-cosmetology.ee\/","logo":{"@type":"ImageObject","inLanguage":"en-US","@id":"https:\/\/ib-cosmetology.ee\/#\/schema\/logo\/image\/","url":"https:\/\/ib-cosmetology.ee\/wp-content\/uploads\/2026\/02\/ib-cosmetology.webp","contentUrl":"https:\/\/ib-cosmetology.ee\/wp-content\/uploads\/2026\/02\/ib-cosmetology.webp","width":710,"height":830,"caption":"Ami-Cosmetology O\u00dc"},"image":{"@id":"https:\/\/ib-cosmetology.ee\/#\/schema\/logo\/image\/"},"sameAs":["https:\/\/www.facebook.com\/profile.php?id=61577033322869","https:\/\/www.instagram.com\/ib_cosmetology\/"]}]},"product_price_amount":"39.00","product_price_currency":"EUR","og_availability":"instock","product_availability":"instock","product_condition":"new"},"_links":{"self":[{"href":"https:\/\/ib-cosmetology.ee\/en\/wp-json\/wp\/v2\/product\/9342","targetHints":{"allow":["GET"]}}],"collection":[{"href":"https:\/\/ib-cosmetology.ee\/en\/wp-json\/wp\/v2\/product"}],"about":[{"href":"https:\/\/ib-cosmetology.ee\/en\/wp-json\/wp\/v2\/types\/product"}],"wp:featuredmedia":[{"embeddable":true,"href":"https:\/\/ib-cosmetology.ee\/en\/wp-json\/wp\/v2\/media\/9345"}],"wp:attachment":[{"href":"https:\/\/ib-cosmetology.ee\/en\/wp-json\/wp\/v2\/media?parent=9342"}],"wp:term":[{"taxonomy":"product_brand","embeddable":true,"href":"https:\/\/ib-cosmetology.ee\/en\/wp-json\/wp\/v2\/product_brand?post=9342"},{"taxonomy":"product_cat","embeddable":true,"href":"https:\/\/ib-cosmetology.ee\/en\/wp-json\/wp\/v2\/product_cat?post=9342"},{"taxonomy":"product_tag","embeddable":true,"href":"https:\/\/ib-cosmetology.ee\/en\/wp-json\/wp\/v2\/product_tag?post=9342"}],"curies":[{"name":"wp","href":"https:\/\/api.w.org\/{rel}","templated":true}]}}