{"id":9376,"date":"2013-06-07T11:03:56","date_gmt":"2013-06-07T11:03:56","guid":{"rendered":"https:\/\/new.ib-cosmetology.ee\/toode\/patient-ninja\/"},"modified":"2026-03-18T18:13:24","modified_gmt":"2026-03-18T16:13:24","slug":"patient-ninja","status":"publish","type":"product","link":"https:\/\/ib-cosmetology.ee\/en\/product\/patient-ninja\/","title":{"rendered":"JeuDerm MyAto Clean Gel 250 ml"},"content":{"rendered":"<p>\u00d5rn puhastusgeel tundlikule nahale<\/p>\n<p>T\u00e4iuslik lahendus on <strong>My Ato Clean Gel<\/strong> \u2013 \u00f5rn ja innovaatiline puhastusgeel, mis on loodud spetsiaalselt tundlikule nahale.<\/p>\n<p>See Koreas toodetud puhastusvahend aitab t\u00f5husalt kaitsta ja s\u00e4ilitada kuiva ja tundliku naha tervist ning loomulikku pH-tasakaalu.<\/p>\n<p>Geeli ainulaadse toime tagab patenteeritud kompleks hoolikalt puhastatud toimeainetest ja taimsetest ekstraktidest. K\u00f5rgtasemel tootmisprotsess v\u00e4hendab oluliselt allergiliste reaktsioonide ohtu.<\/p>\n<p><strong>My Ato Clean Gel<\/strong> eemaldab \u00f5rnalt mustuse, tolmu, tahma, allergeenid ja keemilised j\u00e4\u00e4gid, muutes selle suurep\u00e4raseks vahendiks ka meigi eemaldamiseks.<br \/>\nSobib k\u00f5igile \u2013 nii t\u00e4iskasvanutele kui ka lastele, meestele ja naistele!<\/p>\n<p><strong>Aktiivsed koostisosad:<\/strong> magusmandli\u00f5li, h\u00fcdrol\u00fc\u00fcsitud nisuproteiin, pantenool, portulakiekstrakt, aasia vesinaba (Centella Asiatica) ekstrakt.<\/p>\n<p>&nbsp;<\/p>\n<p>NB! P\u00e4rast tellimuse vormistamist oodake palun e-kirja, mis kinnitab toote saadavust ja tarneaega. Parima tulemuse saavutamiseks on enne selle toote kasutamist soovitatav eelnev konsultatsioon kosmeetikuga.<\/p>\n<p><strong>Maht:<\/strong>\u00a0250 ml<\/p>\n<p>&nbsp;<\/p>\n<p><strong>Peamised koostisosad:<\/strong><br \/>\nHistidiin, t\u00fcrosiin, metioniin, leutsiin, Triple M kompleks (gl\u00fctsiin, alaniin, glutamiinhape, seriin, arginiin), vasktripeptiid-1, Wrinkle Free 3316 (peptiiddimeer-61), hiina kopti juureekstrakt, kilpn\u00f5gese juureekstrakt (Scutellaria), kameeleonia (Houttuynia cordata) ekstrakt, portulaki ekstrakt, saarepuu juureekstrakt, madala tihedusega keramiidid, naatriumh\u00fcaluronaat, beeta-gl\u00fckaan, h\u00fcdrogeenitud letsitiin.<\/p>\n<p><strong>Koostis\u00a0(Ingredients):<\/strong><br \/>\n<span>Water, Disodium Laureth Sulfosuccinate, Disodium Cocoamphodiacetate, Sodium Cocoyl Isethionate, Glycol Distearate, Coco-betaine, Sodium Chloride, 1,2-Hexanediol, PEG-120 Methyl Glucose Dioleate, Cocamide MIPA, Butylene Glycol, Citric Acid, Hexylene Glycol, Panthenol, Trehalose, Allantoin, Propanediol, Centella Asiatica Extract, Fragrance, Isopropanolamine, Sodium Benzoate, Scutellaria Baicalensis Root Extract, Polygonum Cuspidatum Root Extract, Yeast Beta-Glucan, Glycyrrhiza Glabra (Licorice) Root Extract, Camellia Sinensis Leaf Extract, Rosmarinus Officinalis (Rosemary) Leaf Extract, Chamomilla Recutita (Matricaria) Flower Extract, Magnolia Kobus Bark Extract, Polyglutamic Acid.<\/span><\/p>\n","protected":false},"excerpt":{"rendered":"<p>\u00d5rn puhastusgeel tundlikule nahale T\u00e4iuslik lahendus on My Ato Clean Gel \u2013 \u00f5rn ja innovaatiline puhastusgeel, mis on loodud spetsiaalselt tundlikule nahale. See Koreas toodetud puhastusvahend aitab t\u00f5husalt kaitsta ja s\u00e4ilitada kuiva ja tundliku naha tervist ning loomulikku pH-tasakaalu. Geeli ainulaadse toime tagab patenteeritud kompleks hoolikalt puhastatud toimeainetest ja taimsetest ekstraktidest. K\u00f5rgtasemel tootmisprotsess v\u00e4hendab oluliselt&#8230;<\/p>\n","protected":false},"featured_media":9379,"template":"","meta":[],"product_brand":[],"product_cat":[137,103,113,107,109],"product_tag":[],"class_list":{"0":"post-9376","1":"product","2":"type-product","3":"status-publish","4":"has-post-thumbnail","6":"product_cat-cleansing-gels","7":"product_cat-dehydrated-skin","8":"product_cat-facial-skincare","9":"product_cat-rosacea","10":"product_cat-sensitive-skin","11":"pa_color-red","13":"first","14":"instock","15":"featured","16":"taxable","17":"shipping-taxable","18":"purchasable","19":"product-type-simple"},"yoast_head":"<!-- This site is optimized with the Yoast SEO plugin v27.2 - https:\/\/yoast.com\/product\/yoast-seo-wordpress\/ -->\n<title>JeuDerm MyAto Clean Gel 250 ml<\/title>\n<meta name=\"robots\" content=\"index, follow, max-snippet:-1, max-image-preview:large, max-video-preview:-1\" \/>\n<link rel=\"canonical\" href=\"https:\/\/ib-cosmetology.ee\/en\/product\/patient-ninja\/\" \/>\n<meta property=\"og:locale\" content=\"en_US\" \/>\n<meta property=\"og:type\" content=\"article\" \/>\n<meta property=\"og:title\" content=\"JeuDerm MyAto Clean Gel 250 ml\" \/>\n<meta property=\"og:description\" content=\"\u00d5rn puhastusgeel tundlikule nahale T\u00e4iuslik lahendus on My Ato Clean Gel \u2013 \u00f5rn ja innovaatiline puhastusgeel, mis on loodud spetsiaalselt tundlikule nahale. See Koreas toodetud puhastusvahend aitab t\u00f5husalt kaitsta ja s\u00e4ilitada kuiva ja tundliku naha tervist ning loomulikku pH-tasakaalu. Geeli ainulaadse toime tagab patenteeritud kompleks hoolikalt puhastatud toimeainetest ja taimsetest ekstraktidest. K\u00f5rgtasemel tootmisprotsess v\u00e4hendab oluliselt...\" \/>\n<meta property=\"og:url\" content=\"https:\/\/ib-cosmetology.ee\/en\/product\/patient-ninja\/\" \/>\n<meta property=\"og:site_name\" content=\"IB Cosmetology\" \/>\n<meta property=\"article:publisher\" content=\"https:\/\/www.facebook.com\/profile.php?id=61577033322869\" \/>\n<meta property=\"article:modified_time\" content=\"2026-03-18T16:13:24+00:00\" \/>\n<meta property=\"og:image\" content=\"https:\/\/ib-cosmetology.ee\/wp-content\/uploads\/2013\/06\/izobrazhenie-28.jpeg\" \/>\n\t<meta property=\"og:image:width\" content=\"800\" \/>\n\t<meta property=\"og:image:height\" content=\"800\" \/>\n\t<meta property=\"og:image:type\" content=\"image\/jpeg\" \/>\n<meta name=\"twitter:card\" content=\"summary_large_image\" \/>\n<meta name=\"twitter:label1\" content=\"Price\" \/>\n\t<meta name=\"twitter:data1\" content=\"52,00&nbsp;&euro;\" \/>\n\t<meta name=\"twitter:label2\" content=\"Availability\" \/>\n\t<meta name=\"twitter:data2\" content=\"In stock\" \/>\n<script type=\"application\/ld+json\" class=\"yoast-schema-graph\">{\"@context\":\"https:\/\/schema.org\",\"@graph\":[{\"@type\":\"WebPage\",\"@id\":\"https:\/\/ib-cosmetology.ee\/en\/product\/patient-ninja\/\",\"url\":\"https:\/\/ib-cosmetology.ee\/en\/product\/patient-ninja\/\",\"name\":\"JeuDerm MyAto Clean Gel 250 ml\",\"isPartOf\":{\"@id\":\"https:\/\/ib-cosmetology.ee\/#website\"},\"primaryImageOfPage\":{\"@id\":\"https:\/\/ib-cosmetology.ee\/en\/product\/patient-ninja\/#primaryimage\"},\"image\":{\"@id\":\"https:\/\/ib-cosmetology.ee\/en\/product\/patient-ninja\/#primaryimage\"},\"thumbnailUrl\":\"https:\/\/ib-cosmetology.ee\/wp-content\/uploads\/2013\/06\/izobrazhenie-28.jpeg\",\"datePublished\":\"2013-06-07T11:03:56+00:00\",\"dateModified\":\"2026-03-18T16:13:24+00:00\",\"breadcrumb\":{\"@id\":\"https:\/\/ib-cosmetology.ee\/en\/product\/patient-ninja\/#breadcrumb\"},\"inLanguage\":\"en-US\",\"potentialAction\":[{\"@type\":\"ReadAction\",\"target\":[\"https:\/\/ib-cosmetology.ee\/en\/product\/patient-ninja\/\"]}]},{\"@type\":\"ImageObject\",\"inLanguage\":\"en-US\",\"@id\":\"https:\/\/ib-cosmetology.ee\/en\/product\/patient-ninja\/#primaryimage\",\"url\":\"https:\/\/ib-cosmetology.ee\/wp-content\/uploads\/2013\/06\/izobrazhenie-28.jpeg\",\"contentUrl\":\"https:\/\/ib-cosmetology.ee\/wp-content\/uploads\/2013\/06\/izobrazhenie-28.jpeg\",\"width\":800,\"height\":800},{\"@type\":\"BreadcrumbList\",\"@id\":\"https:\/\/ib-cosmetology.ee\/en\/product\/patient-ninja\/#breadcrumb\",\"itemListElement\":[{\"@type\":\"ListItem\",\"position\":1,\"name\":\"Home\",\"item\":\"https:\/\/ib-cosmetology.ee\/en\/\"},{\"@type\":\"ListItem\",\"position\":2,\"name\":\"Professional skincare store\",\"item\":\"https:\/\/ib-cosmetology.ee\/en\/shop\/\"},{\"@type\":\"ListItem\",\"position\":3,\"name\":\"JeuDerm MyAto Clean Gel 250 ml\"}]},{\"@type\":\"WebSite\",\"@id\":\"https:\/\/ib-cosmetology.ee\/#website\",\"url\":\"https:\/\/ib-cosmetology.ee\/\",\"name\":\"IB Cosmetology\",\"description\":\"\",\"publisher\":{\"@id\":\"https:\/\/ib-cosmetology.ee\/#organization\"},\"potentialAction\":[{\"@type\":\"SearchAction\",\"target\":{\"@type\":\"EntryPoint\",\"urlTemplate\":\"https:\/\/ib-cosmetology.ee\/?s={search_term_string}\"},\"query-input\":{\"@type\":\"PropertyValueSpecification\",\"valueRequired\":true,\"valueName\":\"search_term_string\"}}],\"inLanguage\":\"en-US\"},{\"@type\":\"Organization\",\"@id\":\"https:\/\/ib-cosmetology.ee\/#organization\",\"name\":\"Ami-Cosmetology O\u00dc\",\"url\":\"https:\/\/ib-cosmetology.ee\/\",\"logo\":{\"@type\":\"ImageObject\",\"inLanguage\":\"en-US\",\"@id\":\"https:\/\/ib-cosmetology.ee\/#\/schema\/logo\/image\/\",\"url\":\"https:\/\/ib-cosmetology.ee\/wp-content\/uploads\/2026\/02\/ib-cosmetology.webp\",\"contentUrl\":\"https:\/\/ib-cosmetology.ee\/wp-content\/uploads\/2026\/02\/ib-cosmetology.webp\",\"width\":710,\"height\":830,\"caption\":\"Ami-Cosmetology O\u00dc\"},\"image\":{\"@id\":\"https:\/\/ib-cosmetology.ee\/#\/schema\/logo\/image\/\"},\"sameAs\":[\"https:\/\/www.facebook.com\/profile.php?id=61577033322869\",\"https:\/\/www.instagram.com\/ib_cosmetology\/\"]}]}<\/script>\n<meta property=\"product:price:amount\" content=\"52.00\" \/>\n<meta property=\"product:price:currency\" content=\"EUR\" \/>\n<meta property=\"og:availability\" content=\"instock\" \/>\n<meta property=\"product:availability\" content=\"instock\" \/>\n<meta property=\"product:condition\" content=\"new\" \/>\n<!-- \/ Yoast SEO plugin. -->","yoast_head_json":{"title":"JeuDerm MyAto Clean Gel 250 ml","robots":{"index":"index","follow":"follow","max-snippet":"max-snippet:-1","max-image-preview":"max-image-preview:large","max-video-preview":"max-video-preview:-1"},"canonical":"https:\/\/ib-cosmetology.ee\/en\/product\/patient-ninja\/","og_locale":"en_US","og_type":"article","og_title":"JeuDerm MyAto Clean Gel 250 ml","og_description":"\u00d5rn puhastusgeel tundlikule nahale T\u00e4iuslik lahendus on My Ato Clean Gel \u2013 \u00f5rn ja innovaatiline puhastusgeel, mis on loodud spetsiaalselt tundlikule nahale. See Koreas toodetud puhastusvahend aitab t\u00f5husalt kaitsta ja s\u00e4ilitada kuiva ja tundliku naha tervist ning loomulikku pH-tasakaalu. Geeli ainulaadse toime tagab patenteeritud kompleks hoolikalt puhastatud toimeainetest ja taimsetest ekstraktidest. K\u00f5rgtasemel tootmisprotsess v\u00e4hendab oluliselt...","og_url":"https:\/\/ib-cosmetology.ee\/en\/product\/patient-ninja\/","og_site_name":"IB Cosmetology","article_publisher":"https:\/\/www.facebook.com\/profile.php?id=61577033322869","article_modified_time":"2026-03-18T16:13:24+00:00","og_image":[{"width":800,"height":800,"url":"https:\/\/ib-cosmetology.ee\/wp-content\/uploads\/2013\/06\/izobrazhenie-28.jpeg","type":"image\/jpeg"}],"twitter_card":"summary_large_image","twitter_misc":{"Price":"52,00&nbsp;&euro;","Availability":"In stock"},"schema":{"@context":"https:\/\/schema.org","@graph":[{"@type":"WebPage","@id":"https:\/\/ib-cosmetology.ee\/en\/product\/patient-ninja\/","url":"https:\/\/ib-cosmetology.ee\/en\/product\/patient-ninja\/","name":"JeuDerm MyAto Clean Gel 250 ml","isPartOf":{"@id":"https:\/\/ib-cosmetology.ee\/#website"},"primaryImageOfPage":{"@id":"https:\/\/ib-cosmetology.ee\/en\/product\/patient-ninja\/#primaryimage"},"image":{"@id":"https:\/\/ib-cosmetology.ee\/en\/product\/patient-ninja\/#primaryimage"},"thumbnailUrl":"https:\/\/ib-cosmetology.ee\/wp-content\/uploads\/2013\/06\/izobrazhenie-28.jpeg","datePublished":"2013-06-07T11:03:56+00:00","dateModified":"2026-03-18T16:13:24+00:00","breadcrumb":{"@id":"https:\/\/ib-cosmetology.ee\/en\/product\/patient-ninja\/#breadcrumb"},"inLanguage":"en-US","potentialAction":[{"@type":"ReadAction","target":["https:\/\/ib-cosmetology.ee\/en\/product\/patient-ninja\/"]}]},{"@type":"ImageObject","inLanguage":"en-US","@id":"https:\/\/ib-cosmetology.ee\/en\/product\/patient-ninja\/#primaryimage","url":"https:\/\/ib-cosmetology.ee\/wp-content\/uploads\/2013\/06\/izobrazhenie-28.jpeg","contentUrl":"https:\/\/ib-cosmetology.ee\/wp-content\/uploads\/2013\/06\/izobrazhenie-28.jpeg","width":800,"height":800},{"@type":"BreadcrumbList","@id":"https:\/\/ib-cosmetology.ee\/en\/product\/patient-ninja\/#breadcrumb","itemListElement":[{"@type":"ListItem","position":1,"name":"Home","item":"https:\/\/ib-cosmetology.ee\/en\/"},{"@type":"ListItem","position":2,"name":"Professional skincare store","item":"https:\/\/ib-cosmetology.ee\/en\/shop\/"},{"@type":"ListItem","position":3,"name":"JeuDerm MyAto Clean Gel 250 ml"}]},{"@type":"WebSite","@id":"https:\/\/ib-cosmetology.ee\/#website","url":"https:\/\/ib-cosmetology.ee\/","name":"IB Cosmetology","description":"","publisher":{"@id":"https:\/\/ib-cosmetology.ee\/#organization"},"potentialAction":[{"@type":"SearchAction","target":{"@type":"EntryPoint","urlTemplate":"https:\/\/ib-cosmetology.ee\/?s={search_term_string}"},"query-input":{"@type":"PropertyValueSpecification","valueRequired":true,"valueName":"search_term_string"}}],"inLanguage":"en-US"},{"@type":"Organization","@id":"https:\/\/ib-cosmetology.ee\/#organization","name":"Ami-Cosmetology O\u00dc","url":"https:\/\/ib-cosmetology.ee\/","logo":{"@type":"ImageObject","inLanguage":"en-US","@id":"https:\/\/ib-cosmetology.ee\/#\/schema\/logo\/image\/","url":"https:\/\/ib-cosmetology.ee\/wp-content\/uploads\/2026\/02\/ib-cosmetology.webp","contentUrl":"https:\/\/ib-cosmetology.ee\/wp-content\/uploads\/2026\/02\/ib-cosmetology.webp","width":710,"height":830,"caption":"Ami-Cosmetology O\u00dc"},"image":{"@id":"https:\/\/ib-cosmetology.ee\/#\/schema\/logo\/image\/"},"sameAs":["https:\/\/www.facebook.com\/profile.php?id=61577033322869","https:\/\/www.instagram.com\/ib_cosmetology\/"]}]},"product_price_amount":"52.00","product_price_currency":"EUR","og_availability":"instock","product_availability":"instock","product_condition":"new"},"_links":{"self":[{"href":"https:\/\/ib-cosmetology.ee\/en\/wp-json\/wp\/v2\/product\/9376","targetHints":{"allow":["GET"]}}],"collection":[{"href":"https:\/\/ib-cosmetology.ee\/en\/wp-json\/wp\/v2\/product"}],"about":[{"href":"https:\/\/ib-cosmetology.ee\/en\/wp-json\/wp\/v2\/types\/product"}],"wp:featuredmedia":[{"embeddable":true,"href":"https:\/\/ib-cosmetology.ee\/en\/wp-json\/wp\/v2\/media\/9379"}],"wp:attachment":[{"href":"https:\/\/ib-cosmetology.ee\/en\/wp-json\/wp\/v2\/media?parent=9376"}],"wp:term":[{"taxonomy":"product_brand","embeddable":true,"href":"https:\/\/ib-cosmetology.ee\/en\/wp-json\/wp\/v2\/product_brand?post=9376"},{"taxonomy":"product_cat","embeddable":true,"href":"https:\/\/ib-cosmetology.ee\/en\/wp-json\/wp\/v2\/product_cat?post=9376"},{"taxonomy":"product_tag","embeddable":true,"href":"https:\/\/ib-cosmetology.ee\/en\/wp-json\/wp\/v2\/product_tag?post=9376"}],"curies":[{"name":"wp","href":"https:\/\/api.w.org\/{rel}","templated":true}]}}