{"id":9410,"date":"2013-06-07T10:49:51","date_gmt":"2013-06-07T07:49:51","guid":{"rendered":"https:\/\/new.ib-cosmetology.ee\/toode\/ninja-silhouette\/"},"modified":"2026-03-18T19:11:10","modified_gmt":"2026-03-18T17:11:10","slug":"ninja-silhouette","status":"publish","type":"product","link":"https:\/\/ib-cosmetology.ee\/en\/product\/ninja-silhouette\/","title":{"rendered":"Intensiivne s\u00f6ens\u00fc\u00fcmide pulberpesuvahend, 50g"},"content":{"rendered":"<p><span>Ens\u00fcmaatiline puuder s\u00f6ega eemaldab t\u00f5husalt liigse rasu, k\u00f5rvaldab rasukorgid ja komedoonid ning ennetab p\u00f5letikku. See \u00fchtlustab naha mikroreljeefi ja parandab mikrotsirkulatsiooni. Peamine puhastav komponent on s\u00f6epulber, looduslik absorbent, millel on detoksifitseeriv toime, mis parandab naha hapnikuga varustatust ja aitab normaliseerida h\u00fcdrolipiidide tasakaalu. Sellel on v\u00e4ljendunud paranemis- ja haavade paranemise omadused ning see on rikastatud mikroelementide kompleksiga. See imab t\u00f5husalt lisandeid, h\u00e4irimata loomulikku kaitsebarj\u00e4\u00e4ri. See leevendab \u00e4rritust, ebamugavustunnet ja s\u00fcgelust ning ennetab p\u00f5letikku.<\/span><\/p>\n<p><span dir=\"auto\"><span class=\"\" dir=\"auto\">Ens\u00fcmaatiline puuder s\u00f6ega eemaldab t\u00f5husalt liigse rasu, k\u00f5rvaldab rasukorgid ja komedoonid ning ennetab p\u00f5letikku. See \u00fchtlustab naha mikroreljeefi ja parandab mikrotsirkulatsiooni. Peamine puhastav komponent on s\u00f6epulber, looduslik absorbent, millel on detoksifitseeriv toime, mis parandab naha hapnikuga varustatust ja aitab normaliseerida h\u00fcdrolipiidide tasakaalu. Sellel on v\u00e4ljendunud paranemis- ja haavade paranemise omadused ning see on rikastatud mikroelementide kompleksiga. See imab t\u00f5husalt lisandeid, h\u00e4irimata loomulikku kaitsebarj\u00e4\u00e4ri. See leevendab \u00e4rritust, ebamugavustunnet ja s\u00fcgelust ning ennetab p\u00f5letikku.<\/span><\/span><\/p>\n<p><span dir=\"auto\">pulber, mikrokristalne tselluloos<\/span><\/p>\n<p><span dir=\"auto\">S\u00fcsi eemaldab toksiine ja lisandeid; taastab nahka, kiirendab rakkude ainevahetust; normaliseerib vee-rasva tasakaalu; ahendab poore; ennetab p\u00f5letikku; \u00fchtlustab naha tekstuuri.<\/span><\/p>\n<p><span dir=\"auto\">Mikrokristalne tselluloos s\u00e4ilitab t\u00f5husalt niiskuse naha pinnal, puhastab \u00f5rnalt, eemaldab surnud naharakud ja lisandid, j\u00e4ttes naha siledaks ja s\u00e4ravaks.<\/span><\/p>\n<p><span dir=\"auto\">Kasutamine: Kasutage p\u00e4rast puhastamist. Segage v\u00e4ike kogus puudrit veega, kandke nahale, masseerige ringjate liigutustega ja loputage hoolikalt sooja veega.<\/span><\/p>\n<p>NB! P\u00e4rast tellimuse vormistamist oodake palun e-kirja, mis kinnitab toote saadavust ja tarneaega. Parima tulemuse saavutamiseks on enne selle toote kasutamist soovitatav eelnev konsultatsioon kosmeetikuga<\/p>\n","protected":false},"excerpt":{"rendered":"<p>Ens\u00fcmaatiline puuder s\u00f6ega eemaldab t\u00f5husalt liigse rasu, k\u00f5rvaldab rasukorgid ja komedoonid ning ennetab p\u00f5letikku. See \u00fchtlustab naha mikroreljeefi ja parandab mikrotsirkulatsiooni. Peamine puhastav komponent on s\u00f6epulber, looduslik absorbent, millel on detoksifitseeriv toime, mis parandab naha hapnikuga varustatust ja aitab normaliseerida h\u00fcdrolipiidide tasakaalu. Sellel on v\u00e4ljendunud paranemis- ja haavade paranemise omadused ning see on rikastatud mikroelementide&#8230;<\/p>\n","protected":false},"featured_media":9413,"template":"","meta":[],"product_brand":[],"product_cat":[111,131,113,109],"product_tag":[],"class_list":{"0":"post-9410","1":"product","2":"type-product","3":"status-publish","4":"has-post-thumbnail","6":"product_cat-anti-aging-care","7":"product_cat-cleansing","8":"product_cat-facial-skincare","9":"product_cat-sensitive-skin","10":"pa_color-black","12":"first","13":"instock","14":"taxable","15":"shipping-taxable","16":"purchasable","17":"product-type-simple"},"yoast_head":"<!-- This site is optimized with the Yoast SEO plugin v27.2 - https:\/\/yoast.com\/product\/yoast-seo-wordpress\/ -->\n<title>Intensiivne s\u00f6ens\u00fc\u00fcmide pulberpesuvahend, 50g<\/title>\n<meta name=\"robots\" content=\"index, follow, max-snippet:-1, max-image-preview:large, max-video-preview:-1\" \/>\n<link rel=\"canonical\" href=\"https:\/\/ib-cosmetology.ee\/en\/product\/ninja-silhouette\/\" \/>\n<meta property=\"og:locale\" content=\"en_US\" \/>\n<meta property=\"og:type\" content=\"article\" \/>\n<meta property=\"og:title\" content=\"Intensiivne s\u00f6ens\u00fc\u00fcmide pulberpesuvahend, 50g\" \/>\n<meta property=\"og:description\" content=\"Ens\u00fcmaatiline puuder s\u00f6ega eemaldab t\u00f5husalt liigse rasu, k\u00f5rvaldab rasukorgid ja komedoonid ning ennetab p\u00f5letikku. See \u00fchtlustab naha mikroreljeefi ja parandab mikrotsirkulatsiooni. Peamine puhastav komponent on s\u00f6epulber, looduslik absorbent, millel on detoksifitseeriv toime, mis parandab naha hapnikuga varustatust ja aitab normaliseerida h\u00fcdrolipiidide tasakaalu. Sellel on v\u00e4ljendunud paranemis- ja haavade paranemise omadused ning see on rikastatud mikroelementide...\" \/>\n<meta property=\"og:url\" content=\"https:\/\/ib-cosmetology.ee\/en\/product\/ninja-silhouette\/\" \/>\n<meta property=\"og:site_name\" content=\"IB Cosmetology\" \/>\n<meta property=\"article:publisher\" content=\"https:\/\/www.facebook.com\/profile.php?id=61577033322869\" \/>\n<meta property=\"article:modified_time\" content=\"2026-03-18T17:11:10+00:00\" \/>\n<meta property=\"og:image\" content=\"https:\/\/ib-cosmetology.ee\/wp-content\/uploads\/2013\/06\/izobrazhenie-33.jpeg\" \/>\n\t<meta property=\"og:image:width\" content=\"954\" \/>\n\t<meta property=\"og:image:height\" content=\"1280\" \/>\n\t<meta property=\"og:image:type\" content=\"image\/jpeg\" \/>\n<meta name=\"twitter:card\" content=\"summary_large_image\" \/>\n<meta name=\"twitter:label1\" content=\"Price\" \/>\n\t<meta name=\"twitter:data1\" content=\"32,00&nbsp;&euro;\" \/>\n\t<meta name=\"twitter:label2\" content=\"Availability\" \/>\n\t<meta name=\"twitter:data2\" content=\"In stock\" \/>\n<script type=\"application\/ld+json\" class=\"yoast-schema-graph\">{\"@context\":\"https:\/\/schema.org\",\"@graph\":[{\"@type\":\"WebPage\",\"@id\":\"https:\/\/ib-cosmetology.ee\/en\/product\/ninja-silhouette\/\",\"url\":\"https:\/\/ib-cosmetology.ee\/en\/product\/ninja-silhouette\/\",\"name\":\"Intensiivne s\u00f6ens\u00fc\u00fcmide pulberpesuvahend, 50g\",\"isPartOf\":{\"@id\":\"https:\/\/ib-cosmetology.ee\/#website\"},\"primaryImageOfPage\":{\"@id\":\"https:\/\/ib-cosmetology.ee\/en\/product\/ninja-silhouette\/#primaryimage\"},\"image\":{\"@id\":\"https:\/\/ib-cosmetology.ee\/en\/product\/ninja-silhouette\/#primaryimage\"},\"thumbnailUrl\":\"https:\/\/ib-cosmetology.ee\/wp-content\/uploads\/2013\/06\/izobrazhenie-33.jpeg\",\"datePublished\":\"2013-06-07T07:49:51+00:00\",\"dateModified\":\"2026-03-18T17:11:10+00:00\",\"breadcrumb\":{\"@id\":\"https:\/\/ib-cosmetology.ee\/en\/product\/ninja-silhouette\/#breadcrumb\"},\"inLanguage\":\"en-US\",\"potentialAction\":[{\"@type\":\"ReadAction\",\"target\":[\"https:\/\/ib-cosmetology.ee\/en\/product\/ninja-silhouette\/\"]}]},{\"@type\":\"ImageObject\",\"inLanguage\":\"en-US\",\"@id\":\"https:\/\/ib-cosmetology.ee\/en\/product\/ninja-silhouette\/#primaryimage\",\"url\":\"https:\/\/ib-cosmetology.ee\/wp-content\/uploads\/2013\/06\/izobrazhenie-33.jpeg\",\"contentUrl\":\"https:\/\/ib-cosmetology.ee\/wp-content\/uploads\/2013\/06\/izobrazhenie-33.jpeg\",\"width\":954,\"height\":1280},{\"@type\":\"BreadcrumbList\",\"@id\":\"https:\/\/ib-cosmetology.ee\/en\/product\/ninja-silhouette\/#breadcrumb\",\"itemListElement\":[{\"@type\":\"ListItem\",\"position\":1,\"name\":\"Home\",\"item\":\"https:\/\/ib-cosmetology.ee\/en\/\"},{\"@type\":\"ListItem\",\"position\":2,\"name\":\"Professional skincare store\",\"item\":\"https:\/\/ib-cosmetology.ee\/en\/shop\/\"},{\"@type\":\"ListItem\",\"position\":3,\"name\":\"Intensiivne s\u00f6ens\u00fc\u00fcmide pulberpesuvahend, 50g\"}]},{\"@type\":\"WebSite\",\"@id\":\"https:\/\/ib-cosmetology.ee\/#website\",\"url\":\"https:\/\/ib-cosmetology.ee\/\",\"name\":\"IB Cosmetology\",\"description\":\"\",\"publisher\":{\"@id\":\"https:\/\/ib-cosmetology.ee\/#organization\"},\"potentialAction\":[{\"@type\":\"SearchAction\",\"target\":{\"@type\":\"EntryPoint\",\"urlTemplate\":\"https:\/\/ib-cosmetology.ee\/?s={search_term_string}\"},\"query-input\":{\"@type\":\"PropertyValueSpecification\",\"valueRequired\":true,\"valueName\":\"search_term_string\"}}],\"inLanguage\":\"en-US\"},{\"@type\":\"Organization\",\"@id\":\"https:\/\/ib-cosmetology.ee\/#organization\",\"name\":\"Ami-Cosmetology O\u00dc\",\"url\":\"https:\/\/ib-cosmetology.ee\/\",\"logo\":{\"@type\":\"ImageObject\",\"inLanguage\":\"en-US\",\"@id\":\"https:\/\/ib-cosmetology.ee\/#\/schema\/logo\/image\/\",\"url\":\"https:\/\/ib-cosmetology.ee\/wp-content\/uploads\/2026\/02\/ib-cosmetology.webp\",\"contentUrl\":\"https:\/\/ib-cosmetology.ee\/wp-content\/uploads\/2026\/02\/ib-cosmetology.webp\",\"width\":710,\"height\":830,\"caption\":\"Ami-Cosmetology O\u00dc\"},\"image\":{\"@id\":\"https:\/\/ib-cosmetology.ee\/#\/schema\/logo\/image\/\"},\"sameAs\":[\"https:\/\/www.facebook.com\/profile.php?id=61577033322869\",\"https:\/\/www.instagram.com\/ib_cosmetology\/\"]}]}<\/script>\n<meta property=\"product:price:amount\" content=\"32.00\" \/>\n<meta property=\"product:price:currency\" content=\"EUR\" \/>\n<meta property=\"og:availability\" content=\"instock\" \/>\n<meta property=\"product:availability\" content=\"instock\" \/>\n<meta property=\"product:condition\" content=\"new\" \/>\n<!-- \/ Yoast SEO plugin. -->","yoast_head_json":{"title":"Intensiivne s\u00f6ens\u00fc\u00fcmide pulberpesuvahend, 50g","robots":{"index":"index","follow":"follow","max-snippet":"max-snippet:-1","max-image-preview":"max-image-preview:large","max-video-preview":"max-video-preview:-1"},"canonical":"https:\/\/ib-cosmetology.ee\/en\/product\/ninja-silhouette\/","og_locale":"en_US","og_type":"article","og_title":"Intensiivne s\u00f6ens\u00fc\u00fcmide pulberpesuvahend, 50g","og_description":"Ens\u00fcmaatiline puuder s\u00f6ega eemaldab t\u00f5husalt liigse rasu, k\u00f5rvaldab rasukorgid ja komedoonid ning ennetab p\u00f5letikku. See \u00fchtlustab naha mikroreljeefi ja parandab mikrotsirkulatsiooni. Peamine puhastav komponent on s\u00f6epulber, looduslik absorbent, millel on detoksifitseeriv toime, mis parandab naha hapnikuga varustatust ja aitab normaliseerida h\u00fcdrolipiidide tasakaalu. Sellel on v\u00e4ljendunud paranemis- ja haavade paranemise omadused ning see on rikastatud mikroelementide...","og_url":"https:\/\/ib-cosmetology.ee\/en\/product\/ninja-silhouette\/","og_site_name":"IB Cosmetology","article_publisher":"https:\/\/www.facebook.com\/profile.php?id=61577033322869","article_modified_time":"2026-03-18T17:11:10+00:00","og_image":[{"width":954,"height":1280,"url":"https:\/\/ib-cosmetology.ee\/wp-content\/uploads\/2013\/06\/izobrazhenie-33.jpeg","type":"image\/jpeg"}],"twitter_card":"summary_large_image","twitter_misc":{"Price":"32,00&nbsp;&euro;","Availability":"In stock"},"schema":{"@context":"https:\/\/schema.org","@graph":[{"@type":"WebPage","@id":"https:\/\/ib-cosmetology.ee\/en\/product\/ninja-silhouette\/","url":"https:\/\/ib-cosmetology.ee\/en\/product\/ninja-silhouette\/","name":"Intensiivne s\u00f6ens\u00fc\u00fcmide pulberpesuvahend, 50g","isPartOf":{"@id":"https:\/\/ib-cosmetology.ee\/#website"},"primaryImageOfPage":{"@id":"https:\/\/ib-cosmetology.ee\/en\/product\/ninja-silhouette\/#primaryimage"},"image":{"@id":"https:\/\/ib-cosmetology.ee\/en\/product\/ninja-silhouette\/#primaryimage"},"thumbnailUrl":"https:\/\/ib-cosmetology.ee\/wp-content\/uploads\/2013\/06\/izobrazhenie-33.jpeg","datePublished":"2013-06-07T07:49:51+00:00","dateModified":"2026-03-18T17:11:10+00:00","breadcrumb":{"@id":"https:\/\/ib-cosmetology.ee\/en\/product\/ninja-silhouette\/#breadcrumb"},"inLanguage":"en-US","potentialAction":[{"@type":"ReadAction","target":["https:\/\/ib-cosmetology.ee\/en\/product\/ninja-silhouette\/"]}]},{"@type":"ImageObject","inLanguage":"en-US","@id":"https:\/\/ib-cosmetology.ee\/en\/product\/ninja-silhouette\/#primaryimage","url":"https:\/\/ib-cosmetology.ee\/wp-content\/uploads\/2013\/06\/izobrazhenie-33.jpeg","contentUrl":"https:\/\/ib-cosmetology.ee\/wp-content\/uploads\/2013\/06\/izobrazhenie-33.jpeg","width":954,"height":1280},{"@type":"BreadcrumbList","@id":"https:\/\/ib-cosmetology.ee\/en\/product\/ninja-silhouette\/#breadcrumb","itemListElement":[{"@type":"ListItem","position":1,"name":"Home","item":"https:\/\/ib-cosmetology.ee\/en\/"},{"@type":"ListItem","position":2,"name":"Professional skincare store","item":"https:\/\/ib-cosmetology.ee\/en\/shop\/"},{"@type":"ListItem","position":3,"name":"Intensiivne s\u00f6ens\u00fc\u00fcmide pulberpesuvahend, 50g"}]},{"@type":"WebSite","@id":"https:\/\/ib-cosmetology.ee\/#website","url":"https:\/\/ib-cosmetology.ee\/","name":"IB Cosmetology","description":"","publisher":{"@id":"https:\/\/ib-cosmetology.ee\/#organization"},"potentialAction":[{"@type":"SearchAction","target":{"@type":"EntryPoint","urlTemplate":"https:\/\/ib-cosmetology.ee\/?s={search_term_string}"},"query-input":{"@type":"PropertyValueSpecification","valueRequired":true,"valueName":"search_term_string"}}],"inLanguage":"en-US"},{"@type":"Organization","@id":"https:\/\/ib-cosmetology.ee\/#organization","name":"Ami-Cosmetology O\u00dc","url":"https:\/\/ib-cosmetology.ee\/","logo":{"@type":"ImageObject","inLanguage":"en-US","@id":"https:\/\/ib-cosmetology.ee\/#\/schema\/logo\/image\/","url":"https:\/\/ib-cosmetology.ee\/wp-content\/uploads\/2026\/02\/ib-cosmetology.webp","contentUrl":"https:\/\/ib-cosmetology.ee\/wp-content\/uploads\/2026\/02\/ib-cosmetology.webp","width":710,"height":830,"caption":"Ami-Cosmetology O\u00dc"},"image":{"@id":"https:\/\/ib-cosmetology.ee\/#\/schema\/logo\/image\/"},"sameAs":["https:\/\/www.facebook.com\/profile.php?id=61577033322869","https:\/\/www.instagram.com\/ib_cosmetology\/"]}]},"product_price_amount":"32.00","product_price_currency":"EUR","og_availability":"instock","product_availability":"instock","product_condition":"new"},"_links":{"self":[{"href":"https:\/\/ib-cosmetology.ee\/en\/wp-json\/wp\/v2\/product\/9410","targetHints":{"allow":["GET"]}}],"collection":[{"href":"https:\/\/ib-cosmetology.ee\/en\/wp-json\/wp\/v2\/product"}],"about":[{"href":"https:\/\/ib-cosmetology.ee\/en\/wp-json\/wp\/v2\/types\/product"}],"wp:featuredmedia":[{"embeddable":true,"href":"https:\/\/ib-cosmetology.ee\/en\/wp-json\/wp\/v2\/media\/9413"}],"wp:attachment":[{"href":"https:\/\/ib-cosmetology.ee\/en\/wp-json\/wp\/v2\/media?parent=9410"}],"wp:term":[{"taxonomy":"product_brand","embeddable":true,"href":"https:\/\/ib-cosmetology.ee\/en\/wp-json\/wp\/v2\/product_brand?post=9410"},{"taxonomy":"product_cat","embeddable":true,"href":"https:\/\/ib-cosmetology.ee\/en\/wp-json\/wp\/v2\/product_cat?post=9410"},{"taxonomy":"product_tag","embeddable":true,"href":"https:\/\/ib-cosmetology.ee\/en\/wp-json\/wp\/v2\/product_tag?post=9410"}],"curies":[{"name":"wp","href":"https:\/\/api.w.org\/{rel}","templated":true}]}}